{"id":6979,"date":"2023-10-12T11:31:13","date_gmt":"2023-10-12T11:31:13","guid":{"rendered":"https:\/\/drashoub.com\/sp\/?page_id=6979"},"modified":"2024-08-28T09:33:46","modified_gmt":"2024-08-28T09:33:46","slug":"diabetic-kidney-disease","status":"publish","type":"page","link":"https:\/\/sphinxkidneycenter.com\/fr\/diabetic-kidney-disease\/","title":{"rendered":"Maladie r\u00e9nale diab\u00e9tique"},"content":{"rendered":"<div data-elementor-type=\"wp-page\" data-elementor-id=\"6979\" class=\"elementor elementor-6979\">\n\t\t\t\t<div class=\"elementor-element elementor-element-0d1edb4 e-flex e-con-boxed e-con e-parent\" data-id=\"0d1edb4\" data-element_type=\"container\" data-e-type=\"container\">\n\t\t\t\t\t<div class=\"e-con-inner\">\n\t\t\t\t<div class=\"elementor-element elementor-element-b804b61 elementor-widget elementor-widget-heading\" data-id=\"b804b61\" data-element_type=\"widget\" data-e-type=\"widget\" data-widget_type=\"heading.default\">\n\t\t\t\t<div class=\"elementor-widget-container\">\n\t\t\t\t\t<h2 class=\"elementor-heading-title elementor-size-xl\">Diabetic Kidney Disease Overview<\/h2>\t\t\t\t<\/div>\n\t\t\t\t<\/div>\n\t\t\t\t\t<\/div>\n\t\t\t\t<\/div>\n\t\t<div class=\"elementor-element elementor-element-3bb5aa3 e-flex e-con-boxed e-con e-parent\" data-id=\"3bb5aa3\" data-element_type=\"container\" data-e-type=\"container\">\n\t\t\t\t\t<div class=\"e-con-inner\">\n\t\t<div class=\"elementor-element elementor-element-e2dfa7a e-con-full e-flex e-con e-child\" data-id=\"e2dfa7a\" data-element_type=\"container\" data-e-type=\"container\">\n\t\t\t\t<div class=\"elementor-element elementor-element-51b654f elementor-widget elementor-widget-image\" data-id=\"51b654f\" data-element_type=\"widget\" data-e-type=\"widget\" data-widget_type=\"image.default\">\n\t\t\t\t<div class=\"elementor-widget-container\">\n\t\t\t\t\t\t\t\t\t\t\t\t\t\t\t<img fetchpriority=\"high\" decoding=\"async\" width=\"330\" height=\"410\" src=\"https:\/\/sphinxkidneycenter.com\/wp-content\/uploads\/2023\/10\/KidneysHighlighted_330x410.jpg\" class=\"attachment-large size-large wp-image-6981\" alt=\"\" srcset=\"https:\/\/sphinxkidneycenter.com\/wp-content\/uploads\/2023\/10\/KidneysHighlighted_330x410.jpg 330w, https:\/\/sphinxkidneycenter.com\/wp-content\/uploads\/2023\/10\/KidneysHighlighted_330x410-241x300.jpg 241w\" sizes=\"(max-width: 330px) 100vw, 330px\" \/>\t\t\t\t\t\t\t\t\t\t\t\t\t\t\t<\/div>\n\t\t\t\t<\/div>\n\t\t\t\t<\/div>\n\t\t<div class=\"elementor-element elementor-element-742d335 e-con-full e-flex e-con e-child\" data-id=\"742d335\" data-element_type=\"container\" data-e-type=\"container\">\n\t\t\t\t<div class=\"elementor-element elementor-element-159f124 elementor-widget elementor-widget-text-editor\" data-id=\"159f124\" data-element_type=\"widget\" data-e-type=\"widget\" data-widget_type=\"text-editor.default\">\n\t\t\t\t<div class=\"elementor-widget-container\">\n\t\t\t\t\t\t\t\t\t<div class=\"elementor-element elementor-element-fc6b3a5 elementor-widget elementor-widget-heading\" data-id=\"fc6b3a5\" data-element_type=\"widget\" data-widget_type=\"heading.default\"><div class=\"elementor-widget-container\"><h2 class=\"elementor-heading-title elementor-size-default\"><span style=\"font-family: var(--creote-family-two); font-size: 16px; font-weight: 400; color: var( --e-global-color-text ); text-align: var(--text-align);\">Le diab\u00e8te vous expose \u00e0 d\u2019autres probl\u00e8mes de sant\u00e9, notamment des crises cardiaques, des accidents vasculaires c\u00e9r\u00e9braux, une perte de vision, des l\u00e9sions nerveuses et une maladie r\u00e9nale. M\u00eame si tout cela peut sembler accablant, il y a de bonnes nouvelles ; bon nombre des mesures que vous devez prendre pour pr\u00e9venir l\u2019une de ces complications peuvent en r\u00e9alit\u00e9 contribuer \u00e0 les pr\u00e9venir toutes.<\/span><\/h2><\/div><\/div><div class=\"elementor-element elementor-element-39b80137 elementor-widget elementor-widget-text-editor\" data-id=\"39b80137\" data-element_type=\"widget\" data-widget_type=\"text-editor.default\"><div class=\"elementor-widget-container\"><p>Les personnes qui d\u00e9veloppent une maladie r\u00e9nale diab\u00e9tique ne pr\u00e9sentent g\u00e9n\u00e9ralement aucun sympt\u00f4me au d\u00e9but, bien que cette maladie les expose \u00e0 un risque de d\u00e9velopper une maladie r\u00e9nale plus grave.<\/p><p>Les reins jouent un r\u00f4le important dans l\u2019organisme : ils filtrent le sang, \u00e9liminant les d\u00e9chets ainsi que l\u2019exc\u00e8s de sel et d\u2019eau. Si les reins tombent malades, ils ne peuvent plus accomplir leur t\u00e2che, laissant le sang pollu\u00e9.<\/p><p>D\u00e9couvrir que vous souffrez d\u2019une maladie r\u00e9nale diab\u00e9tique pr\u00e9coce peut vous alerter que vos reins sont en danger. Il est important de prendre des mesures pour prot\u00e9ger vos reins avant que le probl\u00e8me ne progresse.<\/p><p>Dans certains cas, la maladie r\u00e9nale diab\u00e9tique peut \u00e9ventuellement emp\u00eacher les reins de fonctionner compl\u00e8tement. Si cela vous arrive, vous devrez subir une greffe de rein ou une dialyse, une proc\u00e9dure qui filtre artificiellement le sang plusieurs fois par semaine.<\/p><\/div><\/div>\t\t\t\t\t\t\t\t<\/div>\n\t\t\t\t<\/div>\n\t\t\t\t<\/div>\n\t\t\t\t\t<\/div>\n\t\t\t\t<\/div>\n\t\t<div class=\"elementor-element elementor-element-e6724c1 e-flex e-con-boxed e-con e-parent\" data-id=\"e6724c1\" data-element_type=\"container\" data-e-type=\"container\">\n\t\t\t\t\t<div class=\"e-con-inner\">\n\t\t\t\t<div class=\"elementor-element elementor-element-0dcf055 elementor-widget elementor-widget-text-editor\" data-id=\"0dcf055\" data-element_type=\"widget\" data-e-type=\"widget\" data-widget_type=\"text-editor.default\">\n\t\t\t\t<div class=\"elementor-widget-container\">\n\t\t\t\t\t\t\t\t\t<h5 style=\"text-align: center;\"><strong>SYMPT\u00d4MES DE LA MALADIE R\u00c9NALE DIAB\u00c9TIQUE<\/strong><\/h5><p>La maladie r\u00e9nale diab\u00e9tique ne provoque g\u00e9n\u00e9ralement aucun sympt\u00f4me jusqu&#039;\u00e0 ce qu&#039;au moins 75 pour cent de la fonction r\u00e9nale soit perdue, et les personnes atteintes de la maladie produisent souvent des quantit\u00e9s normales d&#039;urine. Pour d\u00e9tecter la maladie r\u00e9nale diab\u00e9tique, les prestataires de soins de sant\u00e9 s&#039;appuient sur des tests qui mesurent les niveaux de prot\u00e9ines dans l&#039;urine et des analyses de sang pour \u00e9valuer le niveau de fonction r\u00e9nale.<\/p><p>Lorsque les reins fonctionnent normalement, ils emp\u00eachent les prot\u00e9ines de s\u2019infiltrer dans l\u2019urine. La pr\u00e9sence de prot\u00e9ines dans l\u2019urine est donc un signe que les reins sont en difficult\u00e9. Souvent, les personnes atteintes d\u2019insuffisance r\u00e9nale diab\u00e9tique souffrent \u00e9galement d\u2019hypertension art\u00e9rielle.<\/p>\t\t\t\t\t\t\t\t<\/div>\n\t\t\t\t<\/div>\n\t\t\t\t\t<\/div>\n\t\t\t\t<\/div>\n\t\t<div class=\"elementor-element elementor-element-5e3e3e0 e-flex e-con-boxed e-con e-parent\" data-id=\"5e3e3e0\" data-element_type=\"container\" data-e-type=\"container\">\n\t\t\t\t\t<div class=\"e-con-inner\">\n\t\t<div class=\"elementor-element elementor-element-6c1c267 e-con-full e-flex e-con e-child\" data-id=\"6c1c267\" data-element_type=\"container\" data-e-type=\"container\">\n\t\t\t\t<div class=\"elementor-element elementor-element-c07e6fc elementor-widget elementor-widget-text-editor\" data-id=\"c07e6fc\" data-element_type=\"widget\" data-e-type=\"widget\" data-widget_type=\"text-editor.default\">\n\t\t\t\t<div class=\"elementor-widget-container\">\n\t\t\t\t\t\t\t\t\t<h5><strong>FACTEURS DE RISQUE DE MALADIE R\u00c9NALE DIAB\u00c9TIQUE<\/strong><\/h5><p>Avoir des ant\u00e9c\u00e9dents familiaux de maladie r\u00e9nale peut augmenter votre risque de maladie r\u00e9nale diab\u00e9tique. Bien que vous ne puissiez rien faire pour modifier vos ant\u00e9c\u00e9dents familiaux, il existe plusieurs facteurs qui augmentent votre risque de d\u00e9velopper une maladie r\u00e9nale diab\u00e9tique et que vous pouvez modifier. Ceux-ci inclus:<\/p><ul><li>Avoir une glyc\u00e9mie \u00e9lev\u00e9e mal contr\u00f4l\u00e9e<\/li><li>\u00catre en surpoids ou ob\u00e8se<\/li><li>Fumeur<\/li><li>Avoir un probl\u00e8me de vision li\u00e9 au diab\u00e8te (r\u00e9tinopathie diab\u00e9tique) ou des l\u00e9sions nerveuses (neuropathie diab\u00e9tique)<\/li><\/ul>\t\t\t\t\t\t\t\t<\/div>\n\t\t\t\t<\/div>\n\t\t\t\t<\/div>\n\t\t<div class=\"elementor-element elementor-element-547f0ac e-con-full e-flex e-con e-child\" data-id=\"547f0ac\" data-element_type=\"container\" data-e-type=\"container\">\n\t\t\t\t<div class=\"elementor-element elementor-element-c23354b elementor-widget elementor-widget-text-editor\" data-id=\"c23354b\" data-element_type=\"widget\" data-e-type=\"widget\" data-widget_type=\"text-editor.default\">\n\t\t\t\t<div class=\"elementor-widget-container\">\n\t\t\t\t\t\t\t\t\t<h5><strong>DIAGNOSTIC DE LA MALADIE DIAB\u00c9TIQUE DU REIN<\/strong><\/h5><p>Des analyses d&#039;urine sont recommand\u00e9es une fois par an chez les personnes atteintes de diab\u00e8te de type 2, d\u00e8s le diagnostic.<\/p><p>Le test d&#039;urine recherche une prot\u00e9ine appel\u00e9e albumine. S\u2019il y a une tr\u00e8s grande quantit\u00e9 d\u2019albumine (prot\u00e9ine) dans votre urine, cela signifie que vous souffrez d\u2019une maladie r\u00e9nale diab\u00e9tique. On peut vous dire que vous souffrez de \u00ab microalbuminurie \u00bb ou d\u2019\u00ab albuminurie mod\u00e9r\u00e9ment augment\u00e9e \u00bb. Cela signifie simplement que vous avez des traces de prot\u00e9ines dans votre urine, mais cela signifie n\u00e9anmoins que vous courez un risque de d\u00e9velopper une maladie r\u00e9nale diab\u00e9tique, en supposant que vous n&#039;ayez pas de maladie r\u00e9nale caus\u00e9e par une autre maladie.<br \/>Ce m\u00eame test sera \u00e9galement utilis\u00e9 pour surveiller votre \u00e9tat au fil du temps.<\/p>\t\t\t\t\t\t\t\t<\/div>\n\t\t\t\t<\/div>\n\t\t\t\t<\/div>\n\t\t\t\t\t<\/div>\n\t\t\t\t<\/div>\n\t\t<div class=\"elementor-element elementor-element-4b5d088 e-flex e-con-boxed e-con e-parent\" data-id=\"4b5d088\" data-element_type=\"container\" data-e-type=\"container\">\n\t\t\t\t\t<div class=\"e-con-inner\">\n\t\t\t\t<div class=\"elementor-element elementor-element-cf88e63 elementor-widget elementor-widget-text-editor\" data-id=\"cf88e63\" data-element_type=\"widget\" data-e-type=\"widget\" data-widget_type=\"text-editor.default\">\n\t\t\t\t<div class=\"elementor-widget-container\">\n\t\t\t\t\t\t\t\t\t<h5 style=\"text-align: center;\"><strong>COMPLICATIONS DE LA MALADIE R\u00c9NALE DIAB\u00c9TIQUE\u00a0<\/strong><\/h5><p>La principale complication de la maladie r\u00e9nale diab\u00e9tique est une maladie r\u00e9nale plus avanc\u00e9e, appel\u00e9e maladie r\u00e9nale chronique.<\/p><p>L\u2019insuffisance r\u00e9nale chronique peut, \u00e0 son tour, progresser encore davantage, conduisant \u00e9ventuellement \u00e0 une insuffisance r\u00e9nale totale et \u00e0 la n\u00e9cessit\u00e9 d\u2019une dialyse ou d\u2019une transplantation r\u00e9nale.<\/p>\t\t\t\t\t\t\t\t<\/div>\n\t\t\t\t<\/div>\n\t\t\t\t\t<\/div>\n\t\t\t\t<\/div>\n\t\t<div class=\"elementor-element elementor-element-c530975 e-flex e-con-boxed e-con e-parent\" data-id=\"c530975\" data-element_type=\"container\" data-e-type=\"container\">\n\t\t\t\t\t<div class=\"e-con-inner\">\n\t\t<div class=\"elementor-element elementor-element-f19483f e-con-full e-flex e-con e-child\" data-id=\"f19483f\" data-element_type=\"container\" data-e-type=\"container\">\n\t\t\t\t<div class=\"elementor-element elementor-element-6c2f070 elementor-widget elementor-widget-text-editor\" data-id=\"6c2f070\" data-element_type=\"widget\" data-e-type=\"widget\" data-widget_type=\"text-editor.default\">\n\t\t\t\t<div class=\"elementor-widget-container\">\n\t\t\t\t\t\t\t\t\t<h4><strong>TRAITEMENT DE LA MALADIE R\u00c9NALE DIAB\u00c9TIQUE<\/strong><\/h4>\n<p>Les personnes atteintes de diab\u00e8te doivent s\u2019efforcer de maintenir leur glyc\u00e9mie dans les bonnes fourchettes. C\u2019est la chose la plus importante que vous puissiez faire pour pr\u00e9venir la maladie r\u00e9nale diab\u00e9tique et emp\u00eacher son aggravation.<br>Il est \u00e9galement tout aussi important de contr\u00f4ler la tension art\u00e9rielle. En effet, l\u2019hyperglyc\u00e9mie et l\u2019hypertension art\u00e9rielle agissent de concert pour endommager les vaisseaux sanguins et les syst\u00e8mes organiques.<\/p>\n<p>Pour ces raisons, les mesures les plus importantes que vous pouvez prendre pour freiner la maladie r\u00e9nale et vous prot\u00e9ger contre d\u2019autres complications du diab\u00e8te sont les suivantes\u00a0:<\/p>\n<ul>\n<li>Faites des choix de vie sains<\/li>\n<li>Gardez votre glyc\u00e9mie aussi proche que possible de la normale<\/li>\n<li>Gardez votre tension art\u00e9rielle en dessous de 140\/90, si possible<\/li>\n<\/ul>\n<h4><br><\/h4><ul>\n<\/ul>\t\t\t\t\t\t\t\t<\/div>\n\t\t\t\t<\/div>\n\t\t\t\t<\/div>\n\t\t<div class=\"elementor-element elementor-element-9292d53 e-con-full e-flex e-con e-child\" data-id=\"9292d53\" data-element_type=\"container\" data-e-type=\"container\">\n\t\t\t\t<div class=\"elementor-element elementor-element-32f8d40 elementor-widget elementor-widget-text-editor\" data-id=\"32f8d40\" data-element_type=\"widget\" data-e-type=\"widget\" data-widget_type=\"text-editor.default\">\n\t\t\t\t<div class=\"elementor-widget-container\">\n\t\t\t\t\t\t\t\t\t<h4><strong>Changements de style de vie<\/strong><\/h4><p>Changing your lifestyle can have a big impact on the health of your kidneys.<\/p><p>The following measures are recommended for everyone, but are especially important if you have diabetic kidney disease:<\/p><ul><li>Limitez la quantit\u00e9 de sel que vous consommez.<\/li><li>Si vous fumez, arr\u00eatez de fumer<\/li><li>Perdez du poids si vous \u00eates en surpoids.<\/li><\/ul>\t\t\t\t\t\t\t\t<\/div>\n\t\t\t\t<\/div>\n\t\t\t\t<\/div>\n\t\t\t\t\t<\/div>\n\t\t\t\t<\/div>\n\t\t\t\t<\/div>","protected":false},"excerpt":{"rendered":"<p>Diabetic Kidney Disease Overview Having diabetes puts you at risk of other health problems, including heart attacks, strokes, vision loss, nerve damage, and kidney disease. While all of that may sound overwhelming, there is some good news; many of the steps you need to take to prevent one of those complications may actually help to [&hellip;]<\/p>","protected":false},"author":1,"featured_media":0,"parent":0,"menu_order":0,"comment_status":"closed","ping_status":"closed","template":"","meta":{"footnotes":""},"class_list":["post-6979","page","type-page","status-publish","hentry"],"_links":{"self":[{"href":"https:\/\/sphinxkidneycenter.com\/fr\/wp-json\/wp\/v2\/pages\/6979","targetHints":{"allow":["GET"]}}],"collection":[{"href":"https:\/\/sphinxkidneycenter.com\/fr\/wp-json\/wp\/v2\/pages"}],"about":[{"href":"https:\/\/sphinxkidneycenter.com\/fr\/wp-json\/wp\/v2\/types\/page"}],"author":[{"embeddable":true,"href":"https:\/\/sphinxkidneycenter.com\/fr\/wp-json\/wp\/v2\/users\/1"}],"replies":[{"embeddable":true,"href":"https:\/\/sphinxkidneycenter.com\/fr\/wp-json\/wp\/v2\/comments?post=6979"}],"version-history":[{"count":11,"href":"https:\/\/sphinxkidneycenter.com\/fr\/wp-json\/wp\/v2\/pages\/6979\/revisions"}],"predecessor-version":[{"id":7422,"href":"https:\/\/sphinxkidneycenter.com\/fr\/wp-json\/wp\/v2\/pages\/6979\/revisions\/7422"}],"wp:attachment":[{"href":"https:\/\/sphinxkidneycenter.com\/fr\/wp-json\/wp\/v2\/media?parent=6979"}],"curies":[{"name":"wp","href":"https:\/\/api.w.org\/{rel}","templated":true}]}}