{"id":6943,"date":"2023-10-12T11:20:02","date_gmt":"2023-10-12T11:20:02","guid":{"rendered":"https:\/\/drashoub.com\/sp\/?page_id=6943"},"modified":"2023-10-12T11:26:53","modified_gmt":"2023-10-12T11:26:53","slug":"dialysis-and-transplantation","status":"publish","type":"page","link":"https:\/\/sphinxkidneycenter.com\/fr\/dialysis-and-transplantation\/","title":{"rendered":"Dialyse et transplantation"},"content":{"rendered":"<div data-elementor-type=\"wp-page\" data-elementor-id=\"6943\" class=\"elementor elementor-6943\">\n\t\t\t\t<div class=\"elementor-element elementor-element-9cf9379 e-flex e-con-boxed e-con e-parent\" data-id=\"9cf9379\" data-element_type=\"container\" data-e-type=\"container\">\n\t\t\t\t\t<div class=\"e-con-inner\">\n\t\t<div class=\"elementor-element elementor-element-6a21e46 e-con-full e-flex e-con e-child\" data-id=\"6a21e46\" data-element_type=\"container\" data-e-type=\"container\">\n\t\t\t\t<div class=\"elementor-element elementor-element-026319d elementor-widget elementor-widget-image\" data-id=\"026319d\" data-element_type=\"widget\" data-e-type=\"widget\" data-widget_type=\"image.default\">\n\t\t\t\t<div class=\"elementor-widget-container\">\n\t\t\t\t\t\t\t\t\t\t\t\t\t\t\t<img fetchpriority=\"high\" decoding=\"async\" width=\"1024\" height=\"840\" src=\"https:\/\/sphinxkidneycenter.com\/wp-content\/uploads\/2023\/10\/dd-1024x840.jpg\" class=\"attachment-large size-large wp-image-6948\" alt=\"\" srcset=\"https:\/\/sphinxkidneycenter.com\/wp-content\/uploads\/2023\/10\/dd-1024x840.jpg 1024w, https:\/\/sphinxkidneycenter.com\/wp-content\/uploads\/2023\/10\/dd-600x492.jpg 600w, https:\/\/sphinxkidneycenter.com\/wp-content\/uploads\/2023\/10\/dd-300x246.jpg 300w, https:\/\/sphinxkidneycenter.com\/wp-content\/uploads\/2023\/10\/dd-768x630.jpg 768w, https:\/\/sphinxkidneycenter.com\/wp-content\/uploads\/2023\/10\/dd.jpg 1300w\" sizes=\"(max-width: 1024px) 100vw, 1024px\" \/>\t\t\t\t\t\t\t\t\t\t\t\t\t\t\t<\/div>\n\t\t\t\t<\/div>\n\t\t\t\t<\/div>\n\t\t<div class=\"elementor-element elementor-element-491b677 e-con-full e-flex e-con e-child\" data-id=\"491b677\" data-element_type=\"container\" data-e-type=\"container\">\n\t\t\t\t<div class=\"elementor-element elementor-element-83a332b elementor-widget elementor-widget-text-editor\" data-id=\"83a332b\" data-element_type=\"widget\" data-e-type=\"widget\" data-widget_type=\"text-editor.default\">\n\t\t\t\t<div class=\"elementor-widget-container\">\n\t\t\t\t\t\t\t\t\t<h3><strong>Qu\u2019est-ce que la th\u00e9rapie de remplacement r\u00e9nal ?<br \/><br \/><\/strong><\/h3><p>La th\u00e9rapie de remplacement r\u00e9nal \u00bb est un autre terme d\u00e9signant les diff\u00e9rents traitements de l&#039;insuffisance r\u00e9nale.<\/p><p>Normalement, les reins filtrent le sang et \u00e9liminent les d\u00e9chets ainsi que l\u2019exc\u00e8s de sel et d\u2019eau. L\u2019insuffisance r\u00e9nale, \u00e9galement appel\u00e9e \u00ab insuffisance r\u00e9nale terminale \u00bb, survient lorsque les reins cessent compl\u00e8tement de fonctionner.<\/p><p>Si les reins cessent compl\u00e8tement de fonctionner, les gens peuvent choisir entre 3 traitements diff\u00e9rents pour prendre en charge le travail des reins.<\/p><p>\u00a0<\/p>\t\t\t\t\t\t\t\t<\/div>\n\t\t\t\t<\/div>\n\t\t\t\t<\/div>\n\t\t\t\t\t<\/div>\n\t\t\t\t<\/div>\n\t\t<div class=\"elementor-element elementor-element-1b1a31c e-flex e-con-boxed e-con e-parent\" data-id=\"1b1a31c\" data-element_type=\"container\" data-e-type=\"container\">\n\t\t\t\t\t<div class=\"e-con-inner\">\n\t\t<div class=\"elementor-element elementor-element-7fc34f3 e-con-full e-flex e-con e-child\" data-id=\"7fc34f3\" data-element_type=\"container\" data-e-type=\"container\">\n\t\t\t\t<div class=\"elementor-element elementor-element-89429c7 elementor-widget elementor-widget-text-editor\" data-id=\"89429c7\" data-element_type=\"widget\" data-e-type=\"widget\" data-widget_type=\"text-editor.default\">\n\t\t\t\t<div class=\"elementor-widget-container\">\n\t\t\t\t\t\t\t\t\t<div class=\"elementor-element elementor-element-42eba5ee elementor-widget elementor-widget-heading\" data-id=\"42eba5ee\" data-element_type=\"widget\" data-widget_type=\"heading.default\"><div class=\"elementor-widget-container\"><h3 class=\"elementor-heading-title elementor-size-default\"><span style=\"color: #000000;\">Quels sont mes choix en mati\u00e8re de th\u00e9rapie de remplacement r\u00e9nal\u00a0?<br \/><br \/><\/span><\/h3><\/div><\/div><div class=\"elementor-element elementor-element-566ca137 elementor-widget elementor-widget-heading\" data-id=\"566ca137\" data-element_type=\"widget\" data-widget_type=\"heading.default\"><div class=\"elementor-widget-container\"><h5 class=\"elementor-heading-title elementor-size-default\"><span style=\"color: #000000;\">Vous pouvez choisir entre :<br \/><br \/><\/span><\/h5><\/div><\/div><div class=\"elementor-element elementor-element-49fe5113 elementor-widget elementor-widget-text-editor\" data-id=\"49fe5113\" data-element_type=\"widget\" data-widget_type=\"text-editor.default\"><div class=\"elementor-widget-container\"><ul><li><strong>Greffe du rein :<\/strong>\u00a0Une greffe de rein est une intervention chirurgicale au cours de laquelle un m\u00e9decin place un rein sain chez une personne dont les reins sont malades. Le nouveau rein sain peut alors faire le travail des reins malades. (Les gens n\u2019ont besoin que d\u2019un seul rein pour vivre).<br \/>Un nouveau rein peut provenir d&#039;un donneur vivant (g\u00e9n\u00e9ralement un membre de la famille ou un ami) ou, dans les pays dot\u00e9s de programmes de dons d\u00e9c\u00e9d\u00e9s : d&#039;un donneur d\u00e9c\u00e9d\u00e9. Apr\u00e8s une greffe de rein, les gens doivent prendre des m\u00e9dicaments pour le reste de leur vie pour emp\u00eacher leur corps de r\u00e9agir mal au nouveau rein.<br \/>Plus d\u2019informations sur une greffe de rein peuvent \u00eatre trouv\u00e9es dans d\u2019autres articles.<\/li><\/ul><\/div><\/div>\t\t\t\t\t\t\t\t<\/div>\n\t\t\t\t<\/div>\n\t\t\t\t<\/div>\n\t\t<div class=\"elementor-element elementor-element-c42cdd4 e-con-full e-flex e-con e-child\" data-id=\"c42cdd4\" data-element_type=\"container\" data-e-type=\"container\">\n\t\t\t\t<div class=\"elementor-element elementor-element-5ad147b elementor-widget elementor-widget-image\" data-id=\"5ad147b\" data-element_type=\"widget\" data-e-type=\"widget\" data-widget_type=\"image.default\">\n\t\t\t\t<div class=\"elementor-widget-container\">\n\t\t\t\t\t\t\t\t\t\t\t\t\t\t\t<img decoding=\"async\" width=\"560\" height=\"315\" src=\"https:\/\/sphinxkidneycenter.com\/wp-content\/uploads\/2023\/10\/dese.png\" class=\"attachment-large size-large wp-image-6952\" alt=\"\" srcset=\"https:\/\/sphinxkidneycenter.com\/wp-content\/uploads\/2023\/10\/dese.png 560w, https:\/\/sphinxkidneycenter.com\/wp-content\/uploads\/2023\/10\/dese-300x169.png 300w\" sizes=\"(max-width: 560px) 100vw, 560px\" \/>\t\t\t\t\t\t\t\t\t\t\t\t\t\t\t<\/div>\n\t\t\t\t<\/div>\n\t\t\t\t<\/div>\n\t\t\t\t\t<\/div>\n\t\t\t\t<\/div>\n\t\t<div class=\"elementor-element elementor-element-f8a77a4 e-flex e-con-boxed e-con e-parent\" data-id=\"f8a77a4\" data-element_type=\"container\" data-e-type=\"container\">\n\t\t\t\t\t<div class=\"e-con-inner\">\n\t\t<div class=\"elementor-element elementor-element-a917d1d e-con-full e-flex e-con e-child\" data-id=\"a917d1d\" data-element_type=\"container\" data-e-type=\"container\">\n\t\t\t\t<div class=\"elementor-element elementor-element-c7ec7f8 elementor-widget elementor-widget-image\" data-id=\"c7ec7f8\" data-element_type=\"widget\" data-e-type=\"widget\" data-widget_type=\"image.default\">\n\t\t\t\t<div class=\"elementor-widget-container\">\n\t\t\t\t\t\t\t\t\t\t\t\t\t\t\t<img decoding=\"async\" width=\"1024\" height=\"539\" src=\"https:\/\/sphinxkidneycenter.com\/wp-content\/uploads\/2023\/10\/ewe.jpg\" class=\"attachment-large size-large wp-image-6956\" alt=\"\" srcset=\"https:\/\/sphinxkidneycenter.com\/wp-content\/uploads\/2023\/10\/ewe.jpg 1024w, https:\/\/sphinxkidneycenter.com\/wp-content\/uploads\/2023\/10\/ewe-600x316.jpg 600w, https:\/\/sphinxkidneycenter.com\/wp-content\/uploads\/2023\/10\/ewe-300x158.jpg 300w, https:\/\/sphinxkidneycenter.com\/wp-content\/uploads\/2023\/10\/ewe-768x404.jpg 768w\" sizes=\"(max-width: 1024px) 100vw, 1024px\" \/>\t\t\t\t\t\t\t\t\t\t\t\t\t\t\t<\/div>\n\t\t\t\t<\/div>\n\t\t\t\t<\/div>\n\t\t<div class=\"elementor-element elementor-element-cdb5af3 e-con-full e-flex e-con e-child\" data-id=\"cdb5af3\" data-element_type=\"container\" data-e-type=\"container\">\n\t\t\t\t<div class=\"elementor-element elementor-element-c35c963 elementor-widget elementor-widget-text-editor\" data-id=\"c35c963\" data-element_type=\"widget\" data-e-type=\"widget\" data-widget_type=\"text-editor.default\">\n\t\t\t\t<div class=\"elementor-widget-container\">\n\t\t\t\t\t\t\t\t\t<ul><li><strong>Dialyse p\u00e9riton\u00e9ale :<\/strong>\u00a0Jusqu\u2019\u00e0 pr\u00e9sent, cette modalit\u00e9 n\u2019est pas disponible \u00e0 un niveau ad\u00e9quat en \u00c9gypte. La dialyse p\u00e9riton\u00e9ale est une proc\u00e9dure que les gens pratiquent quotidiennement \u00e0 la maison. Cela consiste \u00e0 injecter un liquide sp\u00e9cial dans le ventre. Ce liquide collecte les d\u00e9chets, l\u2019exc\u00e8s de sel et d\u2019eau du sang. Ensuite, le liquide us\u00e9 s\u2019\u00e9coule du ventre. Avant que les gens puissent b\u00e9n\u00e9ficier d\u2019une dialyse p\u00e9riton\u00e9ale, ils doivent subir une intervention chirurgicale pour se faire ins\u00e9rer un tube dans le ventre. Le tube permet au liquide d&#039;entrer et de sortir du ventre.<\/li><li><strong>H\u00e9modialyse :<\/strong>\u00a0L&#039;h\u00e9modialyse est une proc\u00e9dure dans laquelle un appareil de dialyse prend en charge le travail des reins. La machine pompe le sang hors du corps, le filtre et le renvoie dans le corps. Avant de pouvoir subir une h\u00e9modialyse, les gens doivent subir une intervention chirurgicale pour cr\u00e9er un \u00ab acc\u00e8s \u00bb. Un acc\u00e8s est un moyen pour le sang de sortir et de revenir dans le corps.<br \/>Plus d\u2019informations sur l\u2019h\u00e9modialyse peuvent \u00eatre trouv\u00e9es dans d\u2019autres articles.<\/li><\/ul>\t\t\t\t\t\t\t\t<\/div>\n\t\t\t\t<\/div>\n\t\t\t\t<\/div>\n\t\t\t\t\t<\/div>\n\t\t\t\t<\/div>\n\t\t<div class=\"elementor-element elementor-element-b708808 e-flex e-con-boxed e-con e-parent\" data-id=\"b708808\" data-element_type=\"container\" data-e-type=\"container\">\n\t\t\t\t\t<div class=\"e-con-inner\">\n\t\t\t\t<div class=\"elementor-element elementor-element-da3e7b2 elementor-widget elementor-widget-text-editor\" data-id=\"da3e7b2\" data-element_type=\"widget\" data-e-type=\"widget\" data-widget_type=\"text-editor.default\">\n\t\t\t\t<div class=\"elementor-widget-container\">\n\t\t\t\t\t\t\t\t\t<div class=\"elementor-element elementor-element-450a17d elementor-icon-list--layout-traditional elementor-list-item-link-full_width elementor-widget elementor-widget-icon-list\" data-id=\"450a17d\" data-element_type=\"widget\" data-widget_type=\"icon-list.default\"><div class=\"elementor-widget-container\"><ul class=\"elementor-icon-list-items\"><li class=\"elementor-icon-list-item\"><span class=\"elementor-icon-list-text\">Quels sont les avantages et les inconv\u00e9nients des diff\u00e9rents traitements ?<\/span><\/li><\/ul><\/div><\/div><div class=\"elementor-element elementor-element-a3ea193 elementor-widget elementor-widget-text-editor\" data-id=\"a3ea193\" data-element_type=\"widget\" data-widget_type=\"text-editor.default\"><div class=\"elementor-widget-container\"><ul><li><p>Chaque modalit\u00e9 a ses hauts et ses bas.<br \/>L&#039;h\u00e9modialyse n\u00e9cessite une visite \u00e0 votre centre de dialyse 3 fois par semaine, des restrictions alimentaires et des inconforts occasionnels pendant ou apr\u00e8s les s\u00e9ances.<\/p><p>La transplantation vous donne plus de libert\u00e9 et la plupart des greff\u00e9s vivent une vie plus saine et plus longue. Cependant, la transplantation est une intervention chirurgicale majeure, vous devez avoir un donneur (en \u00c9gypte, vous devez vous conformer \u00e0 la loi \u00e9gyptienne sur la transplantation), le rein greff\u00e9 a une dur\u00e9e de vie et vous devez prendre des m\u00e9dicaments pour pr\u00e9server votre nouveau rein.<\/p><\/li><\/ul><\/div><\/div>\t\t\t\t\t\t\t\t<\/div>\n\t\t\t\t<\/div>\n\t\t\t\t\t<\/div>\n\t\t\t\t<\/div>\n\t\t<div class=\"elementor-element elementor-element-2ec97a1 e-flex e-con-boxed e-con e-parent\" data-id=\"2ec97a1\" data-element_type=\"container\" data-e-type=\"container\">\n\t\t\t\t\t<div class=\"e-con-inner\">\n\t\t<div class=\"elementor-element elementor-element-844b48e e-con-full e-flex e-con e-child\" data-id=\"844b48e\" data-element_type=\"container\" data-e-type=\"container\">\n\t\t\t\t<div class=\"elementor-element elementor-element-2effb4d elementor-widget elementor-widget-image\" data-id=\"2effb4d\" data-element_type=\"widget\" data-e-type=\"widget\" data-widget_type=\"image.default\">\n\t\t\t\t<div class=\"elementor-widget-container\">\n\t\t\t\t\t\t\t\t\t\t\t\t\t\t\t<img loading=\"lazy\" decoding=\"async\" width=\"1024\" height=\"725\" src=\"https:\/\/sphinxkidneycenter.com\/wp-content\/uploads\/2023\/10\/kidddd-1024x725.png\" class=\"attachment-large size-large wp-image-6963\" alt=\"\" srcset=\"https:\/\/sphinxkidneycenter.com\/wp-content\/uploads\/2023\/10\/kidddd-1024x725.png 1024w, https:\/\/sphinxkidneycenter.com\/wp-content\/uploads\/2023\/10\/kidddd-600x425.png 600w, https:\/\/sphinxkidneycenter.com\/wp-content\/uploads\/2023\/10\/kidddd-300x212.png 300w, https:\/\/sphinxkidneycenter.com\/wp-content\/uploads\/2023\/10\/kidddd-768x544.png 768w, https:\/\/sphinxkidneycenter.com\/wp-content\/uploads\/2023\/10\/kidddd.png 1134w\" sizes=\"(max-width: 1024px) 100vw, 1024px\" \/>\t\t\t\t\t\t\t\t\t\t\t\t\t\t\t<\/div>\n\t\t\t\t<\/div>\n\t\t\t\t<\/div>\n\t\t<div class=\"elementor-element elementor-element-b003aa3 e-con-full e-flex e-con e-child\" data-id=\"b003aa3\" data-element_type=\"container\" data-e-type=\"container\">\n\t\t\t\t<div class=\"elementor-element elementor-element-9b87a7d elementor-widget elementor-widget-text-editor\" data-id=\"9b87a7d\" data-element_type=\"widget\" data-e-type=\"widget\" data-widget_type=\"text-editor.default\">\n\t\t\t\t<div class=\"elementor-widget-container\">\n\t\t\t\t\t\t\t\t\t<div class=\"elementor-element elementor-element-21dca7d3 elementor-widget elementor-widget-heading\" data-id=\"21dca7d3\" data-element_type=\"widget\" data-widget_type=\"heading.default\"><div class=\"elementor-widget-container\"><h3 class=\"elementor-heading-title elementor-size-default\"><span style=\"color: #000000;\">Combien de temps vit un rein transplant\u00e9 ?<br \/><br \/><\/span><\/h3><\/div><\/div><div class=\"elementor-element elementor-element-2b536c25 elementor-widget elementor-widget-text-editor\" data-id=\"2b536c25\" data-element_type=\"widget\" data-widget_type=\"text-editor.default\"><div class=\"elementor-widget-container\"><p>Ceci est tr\u00e8s variable selon les personnes. G\u00e9n\u00e9ralement, sur 100 reins transplant\u00e9s, 98 fonctionneront apr\u00e8s la chirurgie, 85 continueront \u00e0 fonctionner pendant 5 ans et 50 continueront \u00e0 bien fonctionner pendant plus de 15 ans.<\/p><p>Cela d\u00e9pend de nombreux facteurs, dont le plus important est de prendre vos m\u00e9dicaments \u00e0 temps et d\u2019effectuer un suivi r\u00e9gulier avec votre m\u00e9decin.<\/p><\/div><\/div>\t\t\t\t\t\t\t\t<\/div>\n\t\t\t\t<\/div>\n\t\t\t\t<\/div>\n\t\t\t\t\t<\/div>\n\t\t\t\t<\/div>\n\t\t<div class=\"elementor-element elementor-element-8170e9a e-flex e-con-boxed e-con e-parent\" data-id=\"8170e9a\" data-element_type=\"container\" data-e-type=\"container\">\n\t\t\t\t\t<div class=\"e-con-inner\">\n\t\t\t\t<div class=\"elementor-element elementor-element-78b23da elementor-widget elementor-widget-text-editor\" data-id=\"78b23da\" data-element_type=\"widget\" data-e-type=\"widget\" data-widget_type=\"text-editor.default\">\n\t\t\t\t<div class=\"elementor-widget-container\">\n\t\t\t\t\t\t\t\t\t<section class=\"elementor-section elementor-top-section elementor-element elementor-element-8458f84 elementor-section-boxed elementor-section-height-default elementor-section-height-default\" data-id=\"8458f84\" data-element_type=\"section\"><div class=\"elementor-container elementor-column-gap-default\"><div class=\"elementor-column elementor-col-100 elementor-top-column elementor-element elementor-element-c9a2cb5\" data-id=\"c9a2cb5\" data-element_type=\"column\"><div class=\"elementor-widget-wrap elementor-element-populated\"><div class=\"elementor-element elementor-element-f5c441e elementor-icon-list--layout-traditional elementor-list-item-link-full_width elementor-widget elementor-widget-icon-list\" data-id=\"f5c441e\" data-element_type=\"widget\" data-widget_type=\"icon-list.default\"><div class=\"elementor-widget-container\"><ul class=\"elementor-icon-list-items\"><li class=\"elementor-icon-list-item\"><span class=\"elementor-icon-list-text\">Comment choisir entre les diff\u00e9rentes options de traitement ?<\/span><\/li><\/ul><\/div><\/div><div class=\"elementor-element elementor-element-f0d448a elementor-widget elementor-widget-text-editor\" data-id=\"f0d448a\" data-element_type=\"widget\" data-widget_type=\"text-editor.default\"><div class=\"elementor-widget-container\"><p>Vous, votre m\u00e9decin et votre famille devrez travailler ensemble pour trouver le traitement qui vous convient. Cela d\u00e9pendra en partie de votre \u00e9tat de sant\u00e9, de votre \u00e9tat de sant\u00e9 g\u00e9n\u00e9ral et de votre situation familiale. Votre m\u00e9decin peut vous expliquer toutes vos options.<\/p><p>Les gens b\u00e9n\u00e9ficient g\u00e9n\u00e9ralement le plus d\u2019une greffe de rein. Mais un nouveau rein n\u2019est pas toujours disponible. De plus, tous ceux qui souhaitent une greffe de rein ne peuvent pas en obtenir une. Les gens doivent remplir certaines conditions pour pouvoir b\u00e9n\u00e9ficier d\u2019une greffe de rein.<\/p><p>Lorsque vous r\u00e9fl\u00e9chissez \u00e0 vos choix, vous devez \u00e9galement savoir que\u00a0:<\/p><ul><li><strong>Si vous attendez un donneur \u00e9ligible, vous devrez probablement commencer une dialyse p\u00e9riton\u00e9ale ou une h\u00e9modialyse en attendant.<\/strong><\/li><li><strong>Si votre rein transplant\u00e9 ne fonctionne pas apr\u00e8s un certain temps, vous pouvez effectuer une autre greffe ou aller en dialyse.<\/strong><\/li><\/ul><\/div><\/div><\/div><\/div><\/div><\/section><section class=\"elementor-section elementor-top-section elementor-element elementor-element-ce332a6 elementor-section-boxed elementor-section-height-default elementor-section-height-default\" data-id=\"ce332a6\" data-element_type=\"section\"><div class=\"elementor-container elementor-column-gap-default\"><div class=\"elementor-column elementor-col-100 elementor-top-column elementor-element elementor-element-47ca871\" data-id=\"47ca871\" data-element_type=\"column\"><div class=\"elementor-widget-wrap elementor-element-populated\"><div class=\"elementor-element elementor-element-c5ffd98 elementor-icon-list--layout-traditional elementor-list-item-link-full_width elementor-widget elementor-widget-icon-list\" data-id=\"c5ffd98\" data-element_type=\"widget\" data-widget_type=\"icon-list.default\"><div class=\"elementor-widget-container\"><ul class=\"elementor-icon-list-items\"><li class=\"elementor-icon-list-item\"><i class=\"fas fa-question-circle\" aria-hidden=\"true\"><\/i><span class=\"elementor-icon-list-text\">\u00a0Puis-je choisir de ne suivre aucun de ces traitements ?<\/span><\/li><\/ul><\/div><\/div><div class=\"elementor-element elementor-element-7067a07 elementor-widget elementor-widget-text-editor\" data-id=\"7067a07\" data-element_type=\"widget\" data-widget_type=\"text-editor.default\"><div class=\"elementor-widget-container\"><p>Vous, votre m\u00e9decin et votre famille devrez travailler ensemble pour trouver le traitement qui vous convient. Cela d\u00e9pendra en partie de votre \u00e9tat de sant\u00e9, de votre \u00e9tat de sant\u00e9 g\u00e9n\u00e9ral et de votre situation familiale. Votre m\u00e9decin peut vous expliquer toutes vos options.<\/p><p>Les gens b\u00e9n\u00e9ficient g\u00e9n\u00e9ralement le plus d\u2019une greffe de rein. Mais un nouveau rein n\u2019est pas toujours disponible. De plus, tous ceux qui souhaitent une greffe de rein ne peuvent pas en obtenir une. Les gens doivent remplir certaines conditions pour pouvoir b\u00e9n\u00e9ficier d\u2019une greffe de rein.<\/p><p>Lorsque vous r\u00e9fl\u00e9chissez \u00e0 vos choix, vous devez \u00e9galement savoir que\u00a0:<\/p><ul><li><strong>Si vous attendez un donneur \u00e9ligible, vous devrez probablement commencer une dialyse p\u00e9riton\u00e9ale ou une h\u00e9modialyse en attendant.<\/strong><\/li><li><strong>Si votre rein transplant\u00e9 ne fonctionne pas apr\u00e8s un certain temps, vous pouvez effectuer une autre greffe ou aller en dialyse.<\/strong><\/li><\/ul><\/div><\/div><\/div><\/div><\/div><\/section>\t\t\t\t\t\t\t\t<\/div>\n\t\t\t\t<\/div>\n\t\t\t\t\t<\/div>\n\t\t\t\t<\/div>\n\t\t\t\t<\/div>","protected":false},"excerpt":{"rendered":"<p>What is renal replacement therapy? Renal replacement therapy\u201d is another term for the different treatments for kidney failure. Normally, the kidneys filter the blood and remove waste and excess salt and water. Kidney failure, also called \u201cend-stage renal disease,\u201d is when the kidneys stop working completely. If the kidneys stop working completely, people can choose [&hellip;]<\/p>","protected":false},"author":1,"featured_media":6553,"parent":0,"menu_order":0,"comment_status":"closed","ping_status":"closed","template":"","meta":{"footnotes":""},"class_list":["post-6943","page","type-page","status-publish","has-post-thumbnail","hentry"],"_links":{"self":[{"href":"https:\/\/sphinxkidneycenter.com\/fr\/wp-json\/wp\/v2\/pages\/6943","targetHints":{"allow":["GET"]}}],"collection":[{"href":"https:\/\/sphinxkidneycenter.com\/fr\/wp-json\/wp\/v2\/pages"}],"about":[{"href":"https:\/\/sphinxkidneycenter.com\/fr\/wp-json\/wp\/v2\/types\/page"}],"author":[{"embeddable":true,"href":"https:\/\/sphinxkidneycenter.com\/fr\/wp-json\/wp\/v2\/users\/1"}],"replies":[{"embeddable":true,"href":"https:\/\/sphinxkidneycenter.com\/fr\/wp-json\/wp\/v2\/comments?post=6943"}],"version-history":[{"count":23,"href":"https:\/\/sphinxkidneycenter.com\/fr\/wp-json\/wp\/v2\/pages\/6943\/revisions"}],"predecessor-version":[{"id":6970,"href":"https:\/\/sphinxkidneycenter.com\/fr\/wp-json\/wp\/v2\/pages\/6943\/revisions\/6970"}],"wp:featuredmedia":[{"embeddable":true,"href":"https:\/\/sphinxkidneycenter.com\/fr\/wp-json\/wp\/v2\/media\/6553"}],"wp:attachment":[{"href":"https:\/\/sphinxkidneycenter.com\/fr\/wp-json\/wp\/v2\/media?parent=6943"}],"curies":[{"name":"wp","href":"https:\/\/api.w.org\/{rel}","templated":true}]}}