{"id":6929,"date":"2023-10-12T11:13:09","date_gmt":"2023-10-12T11:13:09","guid":{"rendered":"https:\/\/drashoub.com\/sp\/?page_id=6929"},"modified":"2023-10-12T11:19:31","modified_gmt":"2023-10-12T11:19:31","slug":"hemodiaysis-the-basics","status":"publish","type":"page","link":"https:\/\/sphinxkidneycenter.com\/fr\/hemodiaysis-the-basics\/","title":{"rendered":"H\u00e9modialyse les bases"},"content":{"rendered":"<div data-elementor-type=\"wp-page\" data-elementor-id=\"6929\" class=\"elementor elementor-6929\">\n\t\t\t\t<div class=\"elementor-element elementor-element-e7d241a e-flex e-con-boxed e-con e-parent\" data-id=\"e7d241a\" data-element_type=\"container\" data-e-type=\"container\">\n\t\t\t\t\t<div class=\"e-con-inner\">\n\t\t<div class=\"elementor-element elementor-element-d3f29fb e-con-full e-flex e-con e-child\" data-id=\"d3f29fb\" data-element_type=\"container\" data-e-type=\"container\">\n\t\t\t\t<div class=\"elementor-element elementor-element-79bc4cf elementor-widget elementor-widget-text-editor\" data-id=\"79bc4cf\" data-element_type=\"widget\" data-e-type=\"widget\" data-widget_type=\"text-editor.default\">\n\t\t\t\t<div class=\"elementor-widget-container\">\n\t\t\t\t\t\t\t\t\t<div class=\"elementor-element elementor-element-30d39e28 elementor-widget elementor-widget-heading\" data-id=\"30d39e28\" data-element_type=\"widget\" data-widget_type=\"heading.default\"><div class=\"elementor-widget-container\"><h2 class=\"elementor-heading-title elementor-size-default\"><span style=\"color: #000000;\">Qu\u2019est-ce que l\u2019h\u00e9modialyse ?<\/span><\/h2><\/div><\/div><div class=\"elementor-element elementor-element-7a9a5e37 elementor-position-left elementor-view-default elementor-mobile-position-top elementor-vertical-align-top elementor-widget elementor-widget-icon-box\" data-id=\"7a9a5e37\" data-element_type=\"widget\" data-widget_type=\"icon-box.default\"><div class=\"elementor-widget-container\"><div class=\"elementor-icon-box-wrapper\"><div class=\"elementor-icon-box-content\"><ul><li class=\"elementor-icon-box-description\">L&#039;h\u00e9modialyse est un traitement de l&#039;insuffisance r\u00e9nale. Normalement, les reins fonctionnent pour filtrer le sang et \u00e9liminer les d\u00e9chets et l\u2019exc\u00e8s de sel et d\u2019eau. L\u2019insuffisance r\u00e9nale, \u00e9galement appel\u00e9e \u00ab insuffisance r\u00e9nale terminale \u00bb, survient lorsque les reins cessent compl\u00e8tement de fonctionner.<\/li><li class=\"elementor-icon-box-description\">Avec l&#039;h\u00e9modialyse, une machine prend en charge le travail des reins. Le sang est pomp\u00e9 hors du corps, filtr\u00e9 \u00e0 travers un appareil de dialyse, puis renvoy\u00e9 dans le corps.<\/li><\/ul><h5><strong>O\u00f9 vais-je subir une h\u00e9modialyse ?<\/strong><\/h5><p>La plupart des gens peuvent choisir entre subir une h\u00e9modialyse dans un centre de dialyse (dans un h\u00f4pital ou une clinique).<\/p><h5><strong>Qui va payer mes s\u00e9ances de dialyse ?<\/strong><\/h5><p>En \u00c9gypte, la dialyse chronique peut \u00eatre pay\u00e9e par le payeur ou sponsoris\u00e9e, par exemple par votre assurance, le minist\u00e8re de la Sant\u00e9, etc.<\/p><p>L&#039;h\u00e9modialyse \u00e0 domicile n&#039;est pas encore disponible en \u00c9gypte, mais c&#039;est une option qui peut offrir plusieurs avantages.<\/p><h5><strong>\u00c0 quelle fr\u00e9quence vais-je subir une h\u00e9modialyse et combien de temps cela prend-il ?<\/strong><\/h5><p>Vous subirez une h\u00e9modialyse pendant 4 heures, 1 \u00e0 3 fois par semaine. De nombreux patients qui urinent suffisamment et pr\u00e9sentent peu de sympt\u00f4mes peuvent commencer une dialyse une ou deux fois par semaine. Chez de nombreuses personnes, apr\u00e8s quelques mois de dialyse, le volume d\u2019urine diminue et une dialyse est n\u00e9cessaire 3 fois par semaine.<\/p><\/div><\/div><\/div><\/div>\t\t\t\t\t\t\t\t<\/div>\n\t\t\t\t<\/div>\n\t\t\t\t<\/div>\n\t\t<div class=\"elementor-element elementor-element-13b8ce4 e-con-full e-flex e-con e-child\" data-id=\"13b8ce4\" data-element_type=\"container\" data-e-type=\"container\">\n\t\t\t\t<div class=\"elementor-element elementor-element-540521e elementor-widget elementor-widget-image\" data-id=\"540521e\" data-element_type=\"widget\" data-e-type=\"widget\" data-widget_type=\"image.default\">\n\t\t\t\t<div class=\"elementor-widget-container\">\n\t\t\t\t\t\t\t\t\t\t\t\t\t\t\t<img fetchpriority=\"high\" decoding=\"async\" width=\"1024\" height=\"640\" src=\"https:\/\/sphinxkidneycenter.com\/wp-content\/uploads\/2023\/10\/wts-1024x640.jpg\" class=\"attachment-large size-large wp-image-6931\" alt=\"\" srcset=\"https:\/\/sphinxkidneycenter.com\/wp-content\/uploads\/2023\/10\/wts-1024x640.jpg 1024w, https:\/\/sphinxkidneycenter.com\/wp-content\/uploads\/2023\/10\/wts-600x375.jpg 600w, https:\/\/sphinxkidneycenter.com\/wp-content\/uploads\/2023\/10\/wts-300x188.jpg 300w, https:\/\/sphinxkidneycenter.com\/wp-content\/uploads\/2023\/10\/wts-768x480.jpg 768w, https:\/\/sphinxkidneycenter.com\/wp-content\/uploads\/2023\/10\/wts.jpg 1280w\" sizes=\"(max-width: 1024px) 100vw, 1024px\" \/>\t\t\t\t\t\t\t\t\t\t\t\t\t\t\t<\/div>\n\t\t\t\t<\/div>\n\t\t\t\t<\/div>\n\t\t\t\t\t<\/div>\n\t\t\t\t<\/div>\n\t\t<div class=\"elementor-element elementor-element-0ab0b14 e-flex e-con-boxed e-con e-parent\" data-id=\"0ab0b14\" data-element_type=\"container\" data-e-type=\"container\">\n\t\t\t\t\t<div class=\"e-con-inner\">\n\t\t<div class=\"elementor-element elementor-element-79b736f e-con-full e-flex e-con e-child\" data-id=\"79b736f\" data-element_type=\"container\" data-e-type=\"container\">\n\t\t\t\t<div class=\"elementor-element elementor-element-d2df121 elementor-widget elementor-widget-image\" data-id=\"d2df121\" data-element_type=\"widget\" data-e-type=\"widget\" data-widget_type=\"image.default\">\n\t\t\t\t<div class=\"elementor-widget-container\">\n\t\t\t\t\t\t\t\t\t\t\t\t\t\t\t<img decoding=\"async\" width=\"1024\" height=\"682\" src=\"https:\/\/sphinxkidneycenter.com\/wp-content\/uploads\/2023\/10\/SS2548853-1024x682.jpg\" class=\"attachment-large size-large wp-image-6938\" alt=\"\" srcset=\"https:\/\/sphinxkidneycenter.com\/wp-content\/uploads\/2023\/10\/SS2548853-1024x682.jpg 1024w, https:\/\/sphinxkidneycenter.com\/wp-content\/uploads\/2023\/10\/SS2548853-600x400.jpg 600w, https:\/\/sphinxkidneycenter.com\/wp-content\/uploads\/2023\/10\/SS2548853-300x200.jpg 300w, https:\/\/sphinxkidneycenter.com\/wp-content\/uploads\/2023\/10\/SS2548853-768x511.jpg 768w, https:\/\/sphinxkidneycenter.com\/wp-content\/uploads\/2023\/10\/SS2548853.jpg 1200w\" sizes=\"(max-width: 1024px) 100vw, 1024px\" \/>\t\t\t\t\t\t\t\t\t\t\t\t\t\t\t<\/div>\n\t\t\t\t<\/div>\n\t\t\t\t<\/div>\n\t\t<div class=\"elementor-element elementor-element-8d797bf e-con-full e-flex e-con e-child\" data-id=\"8d797bf\" data-element_type=\"container\" data-e-type=\"container\">\n\t\t\t\t<div class=\"elementor-element elementor-element-cf276c3 elementor-widget elementor-widget-text-editor\" data-id=\"cf276c3\" data-element_type=\"widget\" data-e-type=\"widget\" data-widget_type=\"text-editor.default\">\n\t\t\t\t<div class=\"elementor-widget-container\">\n\t\t\t\t\t\t\t\t\t<div class=\"elementor-element elementor-element-6cc43d5f elementor-widget elementor-widget-heading\" data-id=\"6cc43d5f\" data-element_type=\"widget\" data-widget_type=\"heading.default\"><div class=\"elementor-widget-container\"><h3 class=\"elementor-heading-title elementor-size-default\"><span style=\"color: #000000;\">Quand vais-je commencer l\u2019h\u00e9modialyse ?<\/span><\/h3><\/div><\/div><div class=\"elementor-element elementor-element-14c583dd elementor-widget elementor-widget-text-editor\" data-id=\"14c583dd\" data-element_type=\"widget\" data-widget_type=\"text-editor.default\"><div class=\"elementor-widget-container\"><p>Vous et votre m\u00e9decin d\u00e9ciderez du bon moment pour commencer l\u2019h\u00e9modialyse. Cela d\u00e9pendra en partie du bon fonctionnement de vos reins, de vos sympt\u00f4mes et de votre \u00e9tat de sant\u00e9 g\u00e9n\u00e9ral. Votre m\u00e9decin effectuera des analyses de sang pour v\u00e9rifier le bon fonctionnement de vos reins.<\/p><p>Avant de commencer l\u2019h\u00e9modialyse, vous devez subir une intervention chirurgicale pour pr\u00e9parer votre corps. Votre m\u00e9decin cr\u00e9era un \u00ab acc\u00e8s \u00bb, qui est un moyen par lequel le sang quitte et retourne dans votre corps. Il existe 3 types d&#039;acc\u00e8s diff\u00e9rents :<\/p><\/div><\/div><div class=\"elementor-element elementor-element-78b9a41d elementor-icon-list--layout-traditional elementor-list-item-link-full_width elementor-widget elementor-widget-icon-list\" data-id=\"78b9a41d\" data-element_type=\"widget\" data-widget_type=\"icon-list.default\"><div class=\"elementor-widget-container\"><ul class=\"elementor-icon-list-items\"><li class=\"elementor-icon-list-item\"><i class=\"fas fa-check\" aria-hidden=\"true\"><\/i><span class=\"elementor-icon-list-text\">Fistule AV \u2013 C\u2019est le type d\u2019acc\u00e8s le plus courant.<\/span><\/li><li class=\"elementor-icon-list-item\"><i class=\"fas fa-check\" aria-hidden=\"true\"><\/i><span class=\"elementor-icon-list-text\">greffe AV<\/span><\/li><li class=\"elementor-icon-list-item\"><i class=\"fas fa-check\" aria-hidden=\"true\"><\/i><span class=\"elementor-icon-list-text\">Cath\u00e9ter veineux central<\/span><\/li><\/ul><h5><strong><br \/>Que se passe-t-il pendant l&#039;h\u00e9modialyse ?<\/strong><\/h5><p>Cela d\u00e9pend de votre acc\u00e8s. Si vous avez une fistule AV ou une greffe AV, le m\u00e9decin ou l&#039;infirmi\u00e8re vous placera 2 aiguilles dans le bras, \u00e0 votre acc\u00e8s. Si vous disposez d&#039;un cath\u00e9ter veineux central, il connectera le tube du cath\u00e9ter aux tubes de l&#039;appareil de dialyse.<\/p><p>Pendant l&#039;h\u00e9modialyse, le sang quitte votre corps par l&#039;acc\u00e8s. Le sang circule et est filtr\u00e9 par l\u2019appareil de dialyse. Ensuite, le sang retourne dans votre corps.<\/p><h5><strong>Quels probl\u00e8mes peuvent survenir en h\u00e9modialyse ?<\/strong><\/h5><p>Les gens peuvent avoir des probl\u00e8mes avec leur acc\u00e8s. Un acc\u00e8s peut \u00eatre infect\u00e9, bloqu\u00e9 ou cesser de fonctionner.<\/p><p>Les gens peuvent \u00e9galement avoir des probl\u00e8mes pendant les traitements de dialyse. Ceux-ci peuvent inclure\u00a0:<\/p><ul><li><strong>Se sentir \u00e9tourdi<\/strong><\/li><li><strong>Difficult\u00e9 \u00e0 respirer<\/strong><\/li><li><strong>Crampes abdominales ou musculaires<\/strong><\/li><li><strong>Naus\u00e9es ou vomissements<\/strong><\/li><\/ul><p>Informez votre m\u00e9decin ou votre infirmi\u00e8re si vous avez des probl\u00e8mes. Beaucoup d\u2019entre eux peuvent \u00eatre trait\u00e9s.<\/p><h5><strong>Y a-t-il autre chose que je devrais faire ?\u00a0<\/strong><\/h5><p><strong>Oui<\/strong>. Si vous \u00eates dialys\u00e9 r\u00e9guli\u00e8rement, vous devrez :<\/p><ul><li><strong>Prenez soin de votre acc\u00e8s \u2013 Lavez votre acc\u00e8s avec du savon et de l\u2019eau ti\u00e8de tous les jours et avant chaque traitement de dialyse. Ne grattez pas et ne grattez pas la zone. Ne laissez personne utiliser ce bras pour prendre du sang ou mesurer la tension art\u00e9rielle.<\/strong><\/li><li><strong>V\u00e9rifiez votre acc\u00e8s tous les jours \u2013 Lorsque votre acc\u00e8s fonctionne normalement et que le sang y circule, vous pouvez ressentir une vibration sur la zone. Informez votre m\u00e9decin ou votre infirmi\u00e8re si vous ne ressentez pas de vibration.<\/strong><\/li><li><strong>Pesez-vous tous les jours \u2013 Lorsque vos reins ne fonctionnent pas, du liquide s&#039;accumule dans votre corps. Informez votre m\u00e9decin ou votre infirmi\u00e8re si vous prenez plus de poids que d&#039;habitude entre les traitements de dialyse.<\/strong><\/li><li><strong>Suivez un r\u00e9gime sp\u00e9cial \u2013 Vous devrez limiter la quantit\u00e9 de liquides que vous mangez et buvez. Vous devrez peut-\u00eatre \u00e9galement \u00e9viter les aliments contenant beaucoup de sodium, de potassium et de phosphore. Ce sont des min\u00e9raux qui peuvent s\u2019accumuler dans votre corps si vous souffrez de probl\u00e8mes r\u00e9naux.<\/strong><br \/><h4>\u00a0<\/h4><h5><strong>\u00a0Puis-je voyager si je suis dialys\u00e9 ?<\/strong><\/h5><p><strong>Probablement.<\/strong>\u00a0Si vous faites de la dialyse \u00e0 domicile, vous pourrez peut-\u00eatre emporter votre appareil avec vous. Si vous \u00eates dialys\u00e9 dans un centre, vous devrez trouver un centre de dialyse \u00e0 l&#039;endroit que vous souhaitez visiter.<\/p><\/li><\/ul><\/div><\/div>\t\t\t\t\t\t\t\t<\/div>\n\t\t\t\t<\/div>\n\t\t\t\t<\/div>\n\t\t\t\t\t<\/div>\n\t\t\t\t<\/div>\n\t\t\t\t<\/div>","protected":false},"excerpt":{"rendered":"<p>What is hemodialysis? Hemodialysis is a treatment for kidney failure. Normally, the kidneys work to filter the blood and remove waste and excess salt and water. Kidney failure, also called \u201cend-stage renal disease,\u201d is when the kidneys stop working completely. With hemodialysis, a machine takes over the job of the kidneys. Blood is pumped from [&hellip;]<\/p>","protected":false},"author":1,"featured_media":0,"parent":0,"menu_order":0,"comment_status":"closed","ping_status":"closed","template":"","meta":{"footnotes":""},"class_list":["post-6929","page","type-page","status-publish","hentry"],"_links":{"self":[{"href":"https:\/\/sphinxkidneycenter.com\/fr\/wp-json\/wp\/v2\/pages\/6929","targetHints":{"allow":["GET"]}}],"collection":[{"href":"https:\/\/sphinxkidneycenter.com\/fr\/wp-json\/wp\/v2\/pages"}],"about":[{"href":"https:\/\/sphinxkidneycenter.com\/fr\/wp-json\/wp\/v2\/types\/page"}],"author":[{"embeddable":true,"href":"https:\/\/sphinxkidneycenter.com\/fr\/wp-json\/wp\/v2\/users\/1"}],"replies":[{"embeddable":true,"href":"https:\/\/sphinxkidneycenter.com\/fr\/wp-json\/wp\/v2\/comments?post=6929"}],"version-history":[{"count":11,"href":"https:\/\/sphinxkidneycenter.com\/fr\/wp-json\/wp\/v2\/pages\/6929\/revisions"}],"predecessor-version":[{"id":6942,"href":"https:\/\/sphinxkidneycenter.com\/fr\/wp-json\/wp\/v2\/pages\/6929\/revisions\/6942"}],"wp:attachment":[{"href":"https:\/\/sphinxkidneycenter.com\/fr\/wp-json\/wp\/v2\/media?parent=6929"}],"curies":[{"name":"wp","href":"https:\/\/api.w.org\/{rel}","templated":true}]}}