{"id":6855,"date":"2023-10-12T10:38:54","date_gmt":"2023-10-12T10:38:54","guid":{"rendered":"https:\/\/drashoub.com\/sp\/?page_id=6855"},"modified":"2023-10-12T10:40:17","modified_gmt":"2023-10-12T10:40:17","slug":"emergencies","status":"publish","type":"page","link":"https:\/\/sphinxkidneycenter.com\/fr\/emergencies\/","title":{"rendered":"Urgences"},"content":{"rendered":"<div data-elementor-type=\"wp-page\" data-elementor-id=\"6855\" class=\"elementor elementor-6855\">\n\t\t\t\t<div class=\"elementor-element elementor-element-dc8ecb9 e-flex e-con-boxed e-con e-parent\" data-id=\"dc8ecb9\" data-element_type=\"container\" data-e-type=\"container\">\n\t\t\t\t\t<div class=\"e-con-inner\">\n\t\t<div class=\"elementor-element elementor-element-ba3d39f e-con-full e-flex e-con e-child\" data-id=\"ba3d39f\" data-element_type=\"container\" data-e-type=\"container\">\n\t\t\t\t<div class=\"elementor-element elementor-element-fa5a342 elementor-widget elementor-widget-text-editor\" data-id=\"fa5a342\" data-element_type=\"widget\" data-e-type=\"widget\" data-widget_type=\"text-editor.default\">\n\t\t\t\t<div class=\"elementor-widget-container\">\n\t\t\t\t\t\t\t\t\t<p>C&#039;est le bon endroit pour demander de l&#039;aide en cas d&#039;urgence.<br \/>Notre centre est \u00e0 votre service 24h\/24 et 7j\/7.<br \/>Nous disposons de 3 unit\u00e9s de soins intensifs et d&#039;un service d&#039;h\u00e9modialyse 24h\/24 et 7j\/7. Notre section de patients hospitalis\u00e9s compte des n\u00e9phrologues hautement qualifi\u00e9s qui acceptent \u00e0 tout moment les cas admis et les urgences.<\/p>\t\t\t\t\t\t\t\t<\/div>\n\t\t\t\t<\/div>\n\t\t\t\t<\/div>\n\t\t<div class=\"elementor-element elementor-element-7593742 e-con-full e-flex e-con e-child\" data-id=\"7593742\" data-element_type=\"container\" data-e-type=\"container\">\n\t\t\t\t<div class=\"elementor-element elementor-element-11b0ac5 elementor-widget elementor-widget-image\" data-id=\"11b0ac5\" data-element_type=\"widget\" data-e-type=\"widget\" data-widget_type=\"image.default\">\n\t\t\t\t<div class=\"elementor-widget-container\">\n\t\t\t\t\t\t\t\t\t\t\t\t\t\t\t<img fetchpriority=\"high\" decoding=\"async\" width=\"723\" height=\"484\" src=\"https:\/\/sphinxkidneycenter.com\/wp-content\/uploads\/2023\/10\/bd3a86d1-cab1-49f5-8b13-5ba9529203c6.jpg\" class=\"attachment-large size-large wp-image-6857\" alt=\"\" srcset=\"https:\/\/sphinxkidneycenter.com\/wp-content\/uploads\/2023\/10\/bd3a86d1-cab1-49f5-8b13-5ba9529203c6.jpg 723w, https:\/\/sphinxkidneycenter.com\/wp-content\/uploads\/2023\/10\/bd3a86d1-cab1-49f5-8b13-5ba9529203c6-600x402.jpg 600w, https:\/\/sphinxkidneycenter.com\/wp-content\/uploads\/2023\/10\/bd3a86d1-cab1-49f5-8b13-5ba9529203c6-300x201.jpg 300w\" sizes=\"(max-width: 723px) 100vw, 723px\" \/>\t\t\t\t\t\t\t\t\t\t\t\t\t\t\t<\/div>\n\t\t\t\t<\/div>\n\t\t\t\t<\/div>\n\t\t\t\t\t<\/div>\n\t\t\t\t<\/div>\n\t\t\t\t<\/div>","protected":false},"excerpt":{"rendered":"<p>It is the right place to seek help in emergencies.Our center is at your service 24\/7.We have 3 intensive care units and 24\/7 hemodialysis care. Our in-patient section has highly qualified in-house nephrologists accepting admitted cases and emergencies all the time.<\/p>","protected":false},"author":1,"featured_media":0,"parent":0,"menu_order":0,"comment_status":"closed","ping_status":"closed","template":"","meta":{"footnotes":""},"class_list":["post-6855","page","type-page","status-publish","hentry"],"_links":{"self":[{"href":"https:\/\/sphinxkidneycenter.com\/fr\/wp-json\/wp\/v2\/pages\/6855","targetHints":{"allow":["GET"]}}],"collection":[{"href":"https:\/\/sphinxkidneycenter.com\/fr\/wp-json\/wp\/v2\/pages"}],"about":[{"href":"https:\/\/sphinxkidneycenter.com\/fr\/wp-json\/wp\/v2\/types\/page"}],"author":[{"embeddable":true,"href":"https:\/\/sphinxkidneycenter.com\/fr\/wp-json\/wp\/v2\/users\/1"}],"replies":[{"embeddable":true,"href":"https:\/\/sphinxkidneycenter.com\/fr\/wp-json\/wp\/v2\/comments?post=6855"}],"version-history":[{"count":4,"href":"https:\/\/sphinxkidneycenter.com\/fr\/wp-json\/wp\/v2\/pages\/6855\/revisions"}],"predecessor-version":[{"id":6860,"href":"https:\/\/sphinxkidneycenter.com\/fr\/wp-json\/wp\/v2\/pages\/6855\/revisions\/6860"}],"wp:attachment":[{"href":"https:\/\/sphinxkidneycenter.com\/fr\/wp-json\/wp\/v2\/media?parent=6855"}],"curies":[{"name":"wp","href":"https:\/\/api.w.org\/{rel}","templated":true}]}}