{"id":6849,"date":"2023-10-12T10:36:57","date_gmt":"2023-10-12T10:36:57","guid":{"rendered":"https:\/\/drashoub.com\/sp\/?page_id=6849"},"modified":"2023-10-12T10:38:18","modified_gmt":"2023-10-12T10:38:18","slug":"patients-from-abroad","status":"publish","type":"page","link":"https:\/\/sphinxkidneycenter.com\/fr\/patients-from-abroad\/","title":{"rendered":"Patients \u00e9trangers"},"content":{"rendered":"<div data-elementor-type=\"wp-page\" data-elementor-id=\"6849\" class=\"elementor elementor-6849\">\n\t\t\t\t<div class=\"elementor-element elementor-element-2787be1 e-flex e-con-boxed e-con e-parent\" data-id=\"2787be1\" data-element_type=\"container\" data-e-type=\"container\">\n\t\t\t\t\t<div class=\"e-con-inner\">\n\t\t<div class=\"elementor-element elementor-element-5f85cdc e-con-full e-flex e-con e-child\" data-id=\"5f85cdc\" data-element_type=\"container\" data-e-type=\"container\">\n\t\t\t\t<div class=\"elementor-element elementor-element-ecdd027 elementor-widget elementor-widget-text-editor\" data-id=\"ecdd027\" data-element_type=\"widget\" data-e-type=\"widget\" data-widget_type=\"text-editor.default\">\n\t\t\t\t<div class=\"elementor-widget-container\">\n\t\t\t\t\t\t\t\t\t<p><strong>Centre r\u00e9nal Sphinx<\/strong> accueille plus de 10 patients internationaux par mois, le centre dispose d&#039;une \u00e9quipe de communication pleinement exp\u00e9riment\u00e9e responsable des patients internationaux venant dans notre centre pour se faire soigner, ils sont l\u00e0 pour les aider et les guider tout au long de leur s\u00e9jour et briser la barri\u00e8re de la langue qui peut g\u00eaner leur suivi m\u00e9dical. traitement.<\/p><p>Les patients b\u00e9n\u00e9ficient d\u2019une assistance compl\u00e8te pour\u00a0:<\/p><ul><li>L&#039;h\u00e9bergement, les formalit\u00e9s administratives, le transport et leur chemin jusqu&#039;\u00e0 ce qu&#039;ils terminent leur traitement en prenant rendez-vous et en leur expliquant les proc\u00e9dures m\u00e9dicales pour qu&#039;ils puissent retourner dans leur pays d&#039;origine en toute s\u00e9curit\u00e9.<\/li><\/ul><p>\u00a0<\/p><p><strong>Centre r\u00e9nal Sphinx<\/strong> ne nous contentons pas de prendre soin de nos patients internationaux pendant leur s\u00e9jour en \u00c9gypte, mais une \u00e9quipe de suivi serait l\u00e0 m\u00eame apr\u00e8s leur retour dans leur pays d&#039;origine, pour r\u00e9pondre \u00e0 leurs questions, demandes de renseignements et pr\u00e9occupations. C&#039;est un lien ouvert et sans fin avec nos patients.<\/p>\t\t\t\t\t\t\t\t<\/div>\n\t\t\t\t<\/div>\n\t\t\t\t<\/div>\n\t\t<div class=\"elementor-element elementor-element-d4decf5 e-con-full e-flex e-con e-child\" data-id=\"d4decf5\" data-element_type=\"container\" data-e-type=\"container\">\n\t\t\t\t<div class=\"elementor-element elementor-element-1cfcd47 elementor-widget elementor-widget-image\" data-id=\"1cfcd47\" data-element_type=\"widget\" data-e-type=\"widget\" data-widget_type=\"image.default\">\n\t\t\t\t<div class=\"elementor-widget-container\">\n\t\t\t\t\t\t\t\t\t\t\t\t\t\t\t<img fetchpriority=\"high\" decoding=\"async\" width=\"1024\" height=\"576\" src=\"https:\/\/sphinxkidneycenter.com\/wp-content\/uploads\/2023\/10\/enfermos_covid-1024x576.jpg\" class=\"attachment-large size-large wp-image-6851\" alt=\"\" srcset=\"https:\/\/sphinxkidneycenter.com\/wp-content\/uploads\/2023\/10\/enfermos_covid-1024x576.jpg 1024w, https:\/\/sphinxkidneycenter.com\/wp-content\/uploads\/2023\/10\/enfermos_covid-600x337.jpg 600w, https:\/\/sphinxkidneycenter.com\/wp-content\/uploads\/2023\/10\/enfermos_covid-300x169.jpg 300w, https:\/\/sphinxkidneycenter.com\/wp-content\/uploads\/2023\/10\/enfermos_covid-768x432.jpg 768w, https:\/\/sphinxkidneycenter.com\/wp-content\/uploads\/2023\/10\/enfermos_covid.jpg 1170w\" sizes=\"(max-width: 1024px) 100vw, 1024px\" \/>\t\t\t\t\t\t\t\t\t\t\t\t\t\t\t<\/div>\n\t\t\t\t<\/div>\n\t\t\t\t<\/div>\n\t\t\t\t\t<\/div>\n\t\t\t\t<\/div>\n\t\t\t\t<\/div>","protected":false},"excerpt":{"rendered":"<p>Sphinx Kidney Center welcomes more than 10 international patients per month, the center has a fully experienced communication team responsible for the international patients coming to our center for treatment, they are here to help and guide them throughout their stay and break the language barrier that can hinder their medical treatment. Patients gets the [&hellip;]<\/p>","protected":false},"author":1,"featured_media":0,"parent":0,"menu_order":0,"comment_status":"closed","ping_status":"closed","template":"","meta":{"footnotes":""},"class_list":["post-6849","page","type-page","status-publish","hentry"],"_links":{"self":[{"href":"https:\/\/sphinxkidneycenter.com\/fr\/wp-json\/wp\/v2\/pages\/6849","targetHints":{"allow":["GET"]}}],"collection":[{"href":"https:\/\/sphinxkidneycenter.com\/fr\/wp-json\/wp\/v2\/pages"}],"about":[{"href":"https:\/\/sphinxkidneycenter.com\/fr\/wp-json\/wp\/v2\/types\/page"}],"author":[{"embeddable":true,"href":"https:\/\/sphinxkidneycenter.com\/fr\/wp-json\/wp\/v2\/users\/1"}],"replies":[{"embeddable":true,"href":"https:\/\/sphinxkidneycenter.com\/fr\/wp-json\/wp\/v2\/comments?post=6849"}],"version-history":[{"count":4,"href":"https:\/\/sphinxkidneycenter.com\/fr\/wp-json\/wp\/v2\/pages\/6849\/revisions"}],"predecessor-version":[{"id":6854,"href":"https:\/\/sphinxkidneycenter.com\/fr\/wp-json\/wp\/v2\/pages\/6849\/revisions\/6854"}],"wp:attachment":[{"href":"https:\/\/sphinxkidneycenter.com\/fr\/wp-json\/wp\/v2\/media?parent=6849"}],"curies":[{"name":"wp","href":"https:\/\/api.w.org\/{rel}","templated":true}]}}