{"id":6832,"date":"2023-10-12T10:31:03","date_gmt":"2023-10-12T10:31:03","guid":{"rendered":"https:\/\/drashoub.com\/sp\/?page_id=6832"},"modified":"2024-08-29T12:52:39","modified_gmt":"2024-08-29T12:52:39","slug":"cme-sharing-experience","status":"publish","type":"page","link":"https:\/\/sphinxkidneycenter.com\/fr\/cme-sharing-experience\/","title":{"rendered":"FMC et partage d&#039;exp\u00e9rience"},"content":{"rendered":"<div data-elementor-type=\"wp-page\" data-elementor-id=\"6832\" class=\"elementor elementor-6832\">\n\t\t\t\t<div class=\"elementor-element elementor-element-65fc011 e-flex e-con-boxed e-con e-parent\" data-id=\"65fc011\" data-element_type=\"container\" data-e-type=\"container\">\n\t\t\t\t\t<div class=\"e-con-inner\">\n\t\t\t\t<div class=\"elementor-element elementor-element-0bcb47d elementor-widget elementor-widget-text-editor\" data-id=\"0bcb47d\" data-element_type=\"widget\" data-e-type=\"widget\" data-widget_type=\"text-editor.default\">\n\t\t\t\t<div class=\"elementor-widget-container\">\n\t\t\t\t\t\t\t\t\t<h5>Contiuous Medical Education by collaboration with most advanced professional centers in Europe in renal Transplantation and Desensitization Grenoble Hospital University.<\/h5>\t\t\t\t\t\t\t\t<\/div>\n\t\t\t\t<\/div>\n\t\t\t\t\t<\/div>\n\t\t\t\t<\/div>\n\t\t<div class=\"elementor-element elementor-element-23371ac e-flex e-con-boxed e-con e-parent\" data-id=\"23371ac\" data-element_type=\"container\" data-e-type=\"container\">\n\t\t\t\t\t<div class=\"e-con-inner\">\n\t\t<div class=\"elementor-element elementor-element-05e2b7c e-con-full e-flex e-con e-child\" data-id=\"05e2b7c\" data-element_type=\"container\" data-e-type=\"container\">\n\t\t\t\t<div class=\"elementor-element elementor-element-c27e21a elementor-widget elementor-widget-text-editor\" data-id=\"c27e21a\" data-element_type=\"widget\" data-e-type=\"widget\" data-widget_type=\"text-editor.default\">\n\t\t\t\t<div class=\"elementor-widget-container\">\n\t\t\t\t\t\t\t\t\t<h5>CHU de Grenoble, France<\/h5><p>\u00a0<\/p><p><strong>C&#039;EST LE BON ENDROIT<\/strong>\u00a0pour obtenir l&#039;avis des meilleurs centres de transplantation et des pionniers mondiaux.<br \/>Nous avons une collaboration officielle avec le CHU de Grenoble, France, l&#039;un des centres les plus exp\u00e9riment\u00e9s dans la prise en charge des patients sensibilis\u00e9s et des situations de transplantation difficiles.<\/p><p><strong>NOTRE COLLABORATEUR EN CHEF EST<\/strong>\u00a0Prof Lionel Rostaing qui visite notre centre 3 fois\/an.<br \/>Le Pr Rostaing est l&#039;un des pionniers mondiaux de la transplantation incompatible ABO et HLA. Il a \u00e9t\u00e9 directeur du centre de transplantation de Toulouse et est aujourd&#039;hui directeur du centre de transplantation de Grenoble. Il est consid\u00e9r\u00e9 comme une autorit\u00e9 et une r\u00e9f\u00e9rence en mati\u00e8re de transplantation.<\/p><p><strong>PROF ROSTAING<\/strong>\u00a0organise r\u00e9guli\u00e8rement des cliniques et des vid\u00e9oconf\u00e9rences pour suivre nos patients avec nous dans notre centre et nous rejoint en tant que membre de notre \u00e9quipe dans les programmes de formation que nous organisons pour les m\u00e9decins et les infirmi\u00e8res. Vous devez prendre rendez-vous \u00e0 l&#039;avance.<\/p>\t\t\t\t\t\t\t\t<\/div>\n\t\t\t\t<\/div>\n\t\t\t\t<\/div>\n\t\t<div class=\"elementor-element elementor-element-aaa9f71 e-con-full e-flex e-con e-child\" data-id=\"aaa9f71\" data-element_type=\"container\" data-e-type=\"container\">\n\t\t\t\t<div class=\"elementor-element elementor-element-487cd8c elementor-widget elementor-widget-image\" data-id=\"487cd8c\" data-element_type=\"widget\" data-e-type=\"widget\" data-widget_type=\"image.default\">\n\t\t\t\t<div class=\"elementor-widget-container\">\n\t\t\t\t\t\t\t\t\t\t\t\t\t\t\t<img fetchpriority=\"high\" decoding=\"async\" width=\"600\" height=\"348\" src=\"https:\/\/sphinxkidneycenter.com\/wp-content\/uploads\/2023\/10\/admin-ajax.png\" class=\"attachment-large size-large wp-image-6839\" alt=\"\" srcset=\"https:\/\/sphinxkidneycenter.com\/wp-content\/uploads\/2023\/10\/admin-ajax.png 600w, https:\/\/sphinxkidneycenter.com\/wp-content\/uploads\/2023\/10\/admin-ajax-300x174.png 300w\" sizes=\"(max-width: 600px) 100vw, 600px\" \/>\t\t\t\t\t\t\t\t\t\t\t\t\t\t\t<\/div>\n\t\t\t\t<\/div>\n\t\t\t\t<\/div>\n\t\t\t\t\t<\/div>\n\t\t\t\t<\/div>\n\t\t\t\t<\/div>","protected":false},"excerpt":{"rendered":"<p>Contiuous Medical Education by collaboration with most advanced professional centers in Europe in renal Transplantation and Desensitization Grenoble Hospital University. Grenoble CHU, France \u00a0 IT\u2019S THE RIGHT PLACE\u00a0to obtain the opinion of the world\u2019s top transplant centers and pioneers.We have an official collaboration with Grenoble CHU, France, one of the most experienced centers in managing [&hellip;]<\/p>","protected":false},"author":1,"featured_media":0,"parent":0,"menu_order":0,"comment_status":"closed","ping_status":"closed","template":"","meta":{"footnotes":""},"class_list":["post-6832","page","type-page","status-publish","hentry"],"_links":{"self":[{"href":"https:\/\/sphinxkidneycenter.com\/fr\/wp-json\/wp\/v2\/pages\/6832","targetHints":{"allow":["GET"]}}],"collection":[{"href":"https:\/\/sphinxkidneycenter.com\/fr\/wp-json\/wp\/v2\/pages"}],"about":[{"href":"https:\/\/sphinxkidneycenter.com\/fr\/wp-json\/wp\/v2\/types\/page"}],"author":[{"embeddable":true,"href":"https:\/\/sphinxkidneycenter.com\/fr\/wp-json\/wp\/v2\/users\/1"}],"replies":[{"embeddable":true,"href":"https:\/\/sphinxkidneycenter.com\/fr\/wp-json\/wp\/v2\/comments?post=6832"}],"version-history":[{"count":19,"href":"https:\/\/sphinxkidneycenter.com\/fr\/wp-json\/wp\/v2\/pages\/6832\/revisions"}],"predecessor-version":[{"id":7438,"href":"https:\/\/sphinxkidneycenter.com\/fr\/wp-json\/wp\/v2\/pages\/6832\/revisions\/7438"}],"wp:attachment":[{"href":"https:\/\/sphinxkidneycenter.com\/fr\/wp-json\/wp\/v2\/media?parent=6832"}],"curies":[{"name":"wp","href":"https:\/\/api.w.org\/{rel}","templated":true}]}}