{"id":6826,"date":"2023-10-12T10:28:27","date_gmt":"2023-10-12T10:28:27","guid":{"rendered":"https:\/\/drashoub.com\/sp\/?page_id=6826"},"modified":"2024-08-28T09:58:43","modified_gmt":"2024-08-28T09:58:43","slug":"kidney-biopsy","status":"publish","type":"page","link":"https:\/\/sphinxkidneycenter.com\/fr\/kidney-biopsy\/","title":{"rendered":"Biopsie r\u00e9nale"},"content":{"rendered":"<div data-elementor-type=\"wp-page\" data-elementor-id=\"6826\" class=\"elementor elementor-6826\">\n\t\t\t\t<div class=\"elementor-element elementor-element-3320476 e-flex e-con-boxed e-con e-parent\" data-id=\"3320476\" data-element_type=\"container\" data-e-type=\"container\">\n\t\t\t\t\t<div class=\"e-con-inner\">\n\t\t<div class=\"elementor-element elementor-element-1380341 e-con-full e-flex e-con e-child\" data-id=\"1380341\" data-element_type=\"container\" data-e-type=\"container\">\n\t\t\t\t<div class=\"elementor-element elementor-element-a009630 elementor-widget elementor-widget-text-editor\" data-id=\"a009630\" data-element_type=\"widget\" data-e-type=\"widget\" data-widget_type=\"text-editor.default\">\n\t\t\t\t<div class=\"elementor-widget-container\">\n\t\t\t\t\t\t\t\t\t<h5><strong>Une biopsie r\u00e9nale<\/strong>,<\/h5><p>is a procedure that is used to obtain small pieces of kidney tissue to look at under the microscope. It may be done to determine the cause, severity, and possible treatment of a kidney disorder. The procedure is generally safe and can provide valuable information about your kidney disorders.<\/p><h5><strong>RAISONS DE LA BIOPSIE R\u00c9NALE\u00a0\u00a0\u00a0\u00a0\u00a0\u00a0\u00a0\u00a0\u00a0\u00a0\u00a0\u00a0\u00a0\u00a0\u00a0\u00a0\u00a0\u00a0\u00a0\u00a0\u00a0\u00a0\u00a0\u00a0\u00a0\u00a0\u00a0\u00a0\u00a0\u00a0\u00a0\u00a0\u00a0\u00a0\u00a0\u00a0\u00a0\u00a0\u00a0\u00a0\u00a0\u00a0\u00a0\u00a0\u00a0\u00a0\u00a0\u00a0\u00a0\u00a0\u00a0\u00a0\u00a0\u00a0\u00a0\u00a0\u00a0\u00a0\u00a0\u00a0\u00a0\u00a0\u00a0\u00a0\u00a0\u00a0 <\/strong><\/h5><p>La biopsie r\u00e9nale est recommand\u00e9e pour certaines personnes atteintes de maladies r\u00e9nales. Elle peut \u00eatre r\u00e9alis\u00e9e lorsque d\u2019autres analyses de sang et d\u2019urine ne peuvent pas fournir suffisamment d\u2019informations. Voici les raisons les plus courantes de biopsie r\u00e9nale. Vous pouvez avoir un ou plusieurs de ces probl\u00e8mes, mais toutes les personnes souffrant de ces probl\u00e8mes n\u2019ont pas besoin d\u2019une biopsie r\u00e9nale\u00a0:<\/p><h5><strong>Prot\u00e9ine dans l&#039;urine (appel\u00e9e prot\u00e9inurie)<\/strong><\/h5><p>Cela se produit chez de nombreuses personnes souffrant de probl\u00e8mes r\u00e9naux. Une biopsie r\u00e9nale peut \u00eatre recommand\u00e9e si vous avez des taux \u00e9lev\u00e9s ou croissants de prot\u00e9ines dans l&#039;urine ou si vous souffrez de prot\u00e9inurie ainsi que d&#039;autres signes de maladie r\u00e9nale.<\/p><h5><strong>Probl\u00e8mes de fonction r\u00e9nale\u00a0\u00a0\u00a0\u00a0\u00a0\u00a0\u00a0\u00a0\u00a0\u00a0\u00a0\u00a0\u00a0\u00a0\u00a0\u00a0\u00a0\u00a0\u00a0\u00a0\u00a0\u00a0\u00a0\u00a0\u00a0\u00a0\u00a0\u00a0\u00a0\u00a0\u00a0\u00a0\u00a0\u00a0\u00a0\u00a0\u00a0\u00a0\u00a0\u00a0\u00a0\u00a0\u00a0\u00a0\u00a0\u00a0\u00a0\u00a0\u00a0\u00a0 <\/strong><\/h5><p>Si vos reins cessent soudainement ou lentement de fonctionner normalement, une biopsie r\u00e9nale peut \u00eatre recommand\u00e9e, surtout si la cause de votre probl\u00e8me r\u00e9nal n&#039;est pas claire.<\/p><h5><strong>PROC\u00c9DURE DE BIOPSIE R\u00c9NALE<\/strong><\/h5><h6><strong>Pr\u00e9paration<\/strong><\/h6><p>Avant votre biopsie, vous devrez peut-\u00eatre passer des tests pour d\u00e9terminer si vous souffrez de troubles de la coagulation sanguine ou d&#039;infections. Pour diminuer le risque de saignement, vous devez arr\u00eater de prendre des m\u00e9dicaments qui augmentent le risque de saignement (tels que l&#039;aspirine, les compos\u00e9s apparent\u00e9s \u00e0 l&#039;aspirine, l&#039;ibuprof\u00e8ne ou le naprox\u00e8ne) pendant une \u00e0 deux semaines avant la biopsie. Passez en revue vos m\u00e9dicaments avec votre fournisseur de soins de sant\u00e9 pour d\u00e9terminer lesquels peuvent \u00eatre continu\u00e9s en toute s\u00e9curit\u00e9.<\/p><p>Si vous prenez de la warfarine (jument van), de l&#039;h\u00e9parine, du clopidogrel (Plavix) ou d&#039;autres m\u00e9dicaments qui pr\u00e9viennent la formation de caillots sanguins, demandez \u00e0 votre clinicien quand prendre ces m\u00e9dicaments avant votre biopsie.<\/p><h5><strong>Proc\u00e9dure de biopsie<\/strong><\/h5><p>La biopsie r\u00e9nale est g\u00e9n\u00e9ralement effectu\u00e9e pendant que vous \u00eates \u00e9veill\u00e9, apr\u00e8s l&#039;application d&#039;un agent nettoyant, et vous recevez une anesth\u00e9sie locale (m\u00e9dicament anesth\u00e9siant) pour minimiser la douleur. La mani\u00e8re la plus courante d\u2019effectuer une biopsie consiste \u00e0 utiliser une aiguille ins\u00e9r\u00e9e \u00e0 travers la peau et dans le rein.<\/p><p>Dans la plupart des cas, vous subirez une \u00e9chographie afin que le clinicien sache exactement o\u00f9 ins\u00e9rer l\u2019aiguille. Une fois l\u2019aiguille dans la bonne position, le clinicien pr\u00e9l\u00e8vera un \u00e9chantillon de tissu du rein avec l\u2019aiguille.<\/p><p>Apr\u00e8s la biopsie, le tissu r\u00e9nal sera envoy\u00e9 \u00e0 un laboratoire de pathologie sp\u00e9cialis\u00e9 et examin\u00e9 au microscope. Cet examen microscopique recherche des cicatrices, une infection ou des anomalies du tissu r\u00e9nal. Les r\u00e9sultats de l\u2019examen microscopique sont g\u00e9n\u00e9ralement disponibles une \u00e0 deux semaines apr\u00e8s la biopsie. Dans les situations d\u2019urgence, les r\u00e9sultats peuvent \u00eatre disponibles en quelques heures.<\/p><p>Apr\u00e8s une biopsie \u00e0 l&#039;aiguille, vous serez maintenu dans une unit\u00e9 de r\u00e9veil ou d&#039;observation pendant plusieurs heures pour surveiller toute complication potentielle, notamment la douleur et les saignements. Vous pouvez subir une prise de sang ou r\u00e9p\u00e9ter des radiographies pour surveiller les saignements. Dans certains cas, vous pourriez rentrer chez vous apr\u00e8s plusieurs heures de surveillance. Alternativement, vous pouvez \u00eatre observ\u00e9 \u00e0 l\u2019h\u00f4pital pendant la nuit.<\/p><p>Une fois qu&#039;il semble que vous puissiez rentrer chez vous en toute s\u00e9curit\u00e9, vous n&#039;avez plus besoin de soulever des objets lourds ni d&#039;exercices vigoureux pendant une \u00e0 deux semaines. Vous devez continuer \u00e0 \u00e9viter les m\u00e9dicaments de type aspirine ou les anticoagulants pendant au moins une semaine ou jusqu&#039;\u00e0 ce que votre clinicien vous ait indiqu\u00e9 qu&#039;ils sont sans danger pour vous.<\/p><h5><strong>COMPLICATIONS DE LA BIOPSIE R\u00c9NALE<\/strong><\/h5><p>Les complications graves de la biopsie r\u00e9nale ne sont pas courantes.<br \/>Des complications moins graves peuvent survenir et sont de courte dur\u00e9e. Ceux-ci peuvent inclure des saignements, des douleurs. Les complications rares incluent une infection, des l\u00e9sions des vaisseaux sanguins ou d\u2019autres organes ou des fuites d\u2019urine.<\/p><h5><strong>Saignement<\/strong><\/h5><p>Le saignement est la complication la plus courante de la biopsie r\u00e9nale. De nombreuses personnes peuvent remarquer du sang dans leurs urines pendant plusieurs jours apr\u00e8s une biopsie r\u00e9nale. Des saignements plus graves se produisent autour du rein ou dans l\u2019urine, mais s\u2019ils se produisent, vous pourriez avoir besoin d\u2019une transfusion sanguine. Tr\u00e8s rarement, cela peut devenir grave et n\u00e9cessiter \u00e9ventuellement une proc\u00e9dure ou une intervention chirurgicale pour arr\u00eater le saignement. Si votre urine est rouge vif ou brune pendant plus d&#039;une semaine apr\u00e8s votre biopsie, appelez votre fournisseur de soins de sant\u00e9.<\/p><h5><strong>Douleur<\/strong><\/h5><p>Des douleurs peuvent survenir apr\u00e8s une biopsie r\u00e9nale. Vous pouvez recevoir des m\u00e9dicaments pour r\u00e9duire la douleur apr\u00e8s l\u2019intervention, et la douleur dispara\u00eet g\u00e9n\u00e9ralement en quelques heures. Si vous ressentez une douleur intense ou prolong\u00e9e, appelez imm\u00e9diatement votre fournisseur de soins de sant\u00e9.<\/p>\t\t\t\t\t\t\t\t<\/div>\n\t\t\t\t<\/div>\n\t\t\t\t<\/div>\n\t\t<div class=\"elementor-element elementor-element-2b77c5a e-con-full e-flex e-con e-child\" data-id=\"2b77c5a\" data-element_type=\"container\" data-e-type=\"container\">\n\t\t\t\t<div class=\"elementor-element elementor-element-d391047 elementor-widget elementor-widget-image\" data-id=\"d391047\" data-element_type=\"widget\" data-e-type=\"widget\" data-widget_type=\"image.default\">\n\t\t\t\t<div class=\"elementor-widget-container\">\n\t\t\t\t\t\t\t\t\t\t\t\t\t\t\t<img fetchpriority=\"high\" decoding=\"async\" width=\"800\" height=\"590\" src=\"https:\/\/sphinxkidneycenter.com\/wp-content\/uploads\/2023\/10\/SDSDDS.jpg\" class=\"attachment-large size-large wp-image-6828\" alt=\"\" srcset=\"https:\/\/sphinxkidneycenter.com\/wp-content\/uploads\/2023\/10\/SDSDDS.jpg 800w, https:\/\/sphinxkidneycenter.com\/wp-content\/uploads\/2023\/10\/SDSDDS-600x443.jpg 600w, https:\/\/sphinxkidneycenter.com\/wp-content\/uploads\/2023\/10\/SDSDDS-300x221.jpg 300w, https:\/\/sphinxkidneycenter.com\/wp-content\/uploads\/2023\/10\/SDSDDS-768x566.jpg 768w\" sizes=\"(max-width: 800px) 100vw, 800px\" \/>\t\t\t\t\t\t\t\t\t\t\t\t\t\t\t<\/div>\n\t\t\t\t<\/div>\n\t\t\t\t<\/div>\n\t\t\t\t\t<\/div>\n\t\t\t\t<\/div>\n\t\t\t\t<\/div>","protected":false},"excerpt":{"rendered":"<p>A kidney biopsy, is a procedure that is used to obtain small pieces of kidney tissue to look at under the microscope. It may be done to determine the cause, severity, and possible treatment of a kidney disorder. The procedure is generally safe and can provide valuable information about your kidney disorders. REASONS FOR KIDNEY [&hellip;]<\/p>","protected":false},"author":1,"featured_media":0,"parent":0,"menu_order":0,"comment_status":"closed","ping_status":"closed","template":"","meta":{"footnotes":""},"class_list":["post-6826","page","type-page","status-publish","hentry"],"_links":{"self":[{"href":"https:\/\/sphinxkidneycenter.com\/fr\/wp-json\/wp\/v2\/pages\/6826","targetHints":{"allow":["GET"]}}],"collection":[{"href":"https:\/\/sphinxkidneycenter.com\/fr\/wp-json\/wp\/v2\/pages"}],"about":[{"href":"https:\/\/sphinxkidneycenter.com\/fr\/wp-json\/wp\/v2\/types\/page"}],"author":[{"embeddable":true,"href":"https:\/\/sphinxkidneycenter.com\/fr\/wp-json\/wp\/v2\/users\/1"}],"replies":[{"embeddable":true,"href":"https:\/\/sphinxkidneycenter.com\/fr\/wp-json\/wp\/v2\/comments?post=6826"}],"version-history":[{"count":11,"href":"https:\/\/sphinxkidneycenter.com\/fr\/wp-json\/wp\/v2\/pages\/6826\/revisions"}],"predecessor-version":[{"id":7439,"href":"https:\/\/sphinxkidneycenter.com\/fr\/wp-json\/wp\/v2\/pages\/6826\/revisions\/7439"}],"wp:attachment":[{"href":"https:\/\/sphinxkidneycenter.com\/fr\/wp-json\/wp\/v2\/media?parent=6826"}],"curies":[{"name":"wp","href":"https:\/\/api.w.org\/{rel}","templated":true}]}}