{"id":6820,"date":"2023-10-12T10:25:39","date_gmt":"2023-10-12T10:25:39","guid":{"rendered":"https:\/\/drashoub.com\/sp\/?page_id=6820"},"modified":"2023-10-20T22:13:58","modified_gmt":"2023-10-20T22:13:58","slug":"renal-transplantation","status":"publish","type":"page","link":"https:\/\/sphinxkidneycenter.com\/fr\/renal-transplantation\/","title":{"rendered":"Transplantation r\u00e9nale"},"content":{"rendered":"<div data-elementor-type=\"wp-page\" data-elementor-id=\"6820\" class=\"elementor elementor-6820\">\n\t\t\t\t<div class=\"elementor-element elementor-element-1eb188b e-flex e-con-boxed e-con e-parent\" data-id=\"1eb188b\" data-element_type=\"container\" data-e-type=\"container\">\n\t\t\t\t\t<div class=\"e-con-inner\">\n\t\t<div class=\"elementor-element elementor-element-425ba89 e-con-full e-flex e-con e-child\" data-id=\"425ba89\" data-element_type=\"container\" data-e-type=\"container\">\n\t\t\t\t<div class=\"elementor-element elementor-element-1f25ae7 elementor-widget elementor-widget-text-editor\" data-id=\"1f25ae7\" data-element_type=\"widget\" data-e-type=\"widget\" data-widget_type=\"text-editor.default\">\n\t\t\t\t<div class=\"elementor-widget-container\">\n\t\t\t\t\t\t\t\t\t<ul><li><strong>Effectuant 300 transplantations\/an, nos centres poss\u00e8dent le plus grand volume de transplantations r\u00e9nales en \u00c9gypte et l&#039;un des centres de donneurs vivants les plus \u00e9lev\u00e9s au monde. <\/strong><\/li><li><strong>Travaille en collaboration avec un centre de transplantation international renomm\u00e9 au CHU de Grenoble, France. <\/strong><\/li><li><strong>Normes chirurgicales \u00e9lev\u00e9es et soins postop\u00e9ratoires<\/strong> y compris la chirurgie laparoscopique du donneur.<\/li><li><strong>Des greffes sont effectu\u00e9es pour les citoyens \u00e9trangers et les \u00c9gyptiens<\/strong> conform\u00e9ment \u00e0 la loi \u00e9gyptienne sur la transplantation.<\/li><li><strong>Plusieurs protocoles de collaboration avec des centres et des gouvernements \u00e9trangers,<\/strong> nous effectuons ainsi des transplantations pour des citoyens de plusieurs pays d&#039;Afrique et du Moyen-Orient.<\/li><li><strong>CLINIQUE SP\u00c9CIALIS\u00c9E DE GREFFE pour les soins pr\u00e9 et postop\u00e9ratoires de transplantation.<\/strong><\/li><li><strong>Sp\u00e9cialis\u00e9 dans la r\u00e9alisation de cas de transplantation difficiles. <\/strong><\/li><li><strong>Effectuez une transplantation pour les receveurs avec +ve DSA et +ve cross match. <\/strong><\/li><li><strong>G\u00e9rez les patients sensibilis\u00e9s et les rejets difficiles avec la machine d\u2019immunoadsorption.<\/strong><\/li><li><strong>R\u00e9aliser une transplantation de pointe pour les patients hautement sensibilis\u00e9s<\/strong> travaillant en collaboration avec un centre hautement sp\u00e9cialis\u00e9 du CHU de Grenoble, France.<\/li><\/ul>\t\t\t\t\t\t\t\t<\/div>\n\t\t\t\t<\/div>\n\t\t\t\t<\/div>\n\t\t<div class=\"elementor-element elementor-element-355834d e-con-full e-flex e-con e-child\" data-id=\"355834d\" data-element_type=\"container\" data-e-type=\"container\">\n\t\t\t\t<div class=\"elementor-element elementor-element-a07c12d elementor-widget elementor-widget-image\" data-id=\"a07c12d\" data-element_type=\"widget\" data-e-type=\"widget\" data-widget_type=\"image.default\">\n\t\t\t\t<div class=\"elementor-widget-container\">\n\t\t\t\t\t\t\t\t\t\t\t\t\t\t\t<img fetchpriority=\"high\" decoding=\"async\" width=\"1024\" height=\"683\" src=\"https:\/\/sphinxkidneycenter.com\/wp-content\/uploads\/2023\/10\/9a0bf6f5-b5b0-4e9e-b432-99b2ee100e4f-1024x683.jpeg\" class=\"attachment-large size-large wp-image-7080\" alt=\"\" srcset=\"https:\/\/sphinxkidneycenter.com\/wp-content\/uploads\/2023\/10\/9a0bf6f5-b5b0-4e9e-b432-99b2ee100e4f-1024x683.jpeg 1024w, https:\/\/sphinxkidneycenter.com\/wp-content\/uploads\/2023\/10\/9a0bf6f5-b5b0-4e9e-b432-99b2ee100e4f-600x400.jpeg 600w, https:\/\/sphinxkidneycenter.com\/wp-content\/uploads\/2023\/10\/9a0bf6f5-b5b0-4e9e-b432-99b2ee100e4f-300x200.jpeg 300w, https:\/\/sphinxkidneycenter.com\/wp-content\/uploads\/2023\/10\/9a0bf6f5-b5b0-4e9e-b432-99b2ee100e4f-768x512.jpeg 768w, https:\/\/sphinxkidneycenter.com\/wp-content\/uploads\/2023\/10\/9a0bf6f5-b5b0-4e9e-b432-99b2ee100e4f-1536x1025.jpeg 1536w, https:\/\/sphinxkidneycenter.com\/wp-content\/uploads\/2023\/10\/9a0bf6f5-b5b0-4e9e-b432-99b2ee100e4f.jpeg 2000w\" sizes=\"(max-width: 1024px) 100vw, 1024px\" \/>\t\t\t\t\t\t\t\t\t\t\t\t\t\t\t<\/div>\n\t\t\t\t<\/div>\n\t\t\t\t<\/div>\n\t\t\t\t\t<\/div>\n\t\t\t\t<\/div>\n\t\t\t\t<\/div>","protected":false},"excerpt":{"rendered":"<p>Performing 300 transplants \/ year, our centers has the highest volume of kidney transplantation in Egypt and one of the highest living donor centers worldwide. Works in collaboration with a renowned international transplant center at Grenoble CHU, France. High surgical standards and post-operative care including laparoscopic donor surgery. Transplants are performed for foreign citizens and [&hellip;]<\/p>","protected":false},"author":1,"featured_media":0,"parent":0,"menu_order":0,"comment_status":"closed","ping_status":"closed","template":"","meta":{"footnotes":""},"class_list":["post-6820","page","type-page","status-publish","hentry"],"_links":{"self":[{"href":"https:\/\/sphinxkidneycenter.com\/fr\/wp-json\/wp\/v2\/pages\/6820","targetHints":{"allow":["GET"]}}],"collection":[{"href":"https:\/\/sphinxkidneycenter.com\/fr\/wp-json\/wp\/v2\/pages"}],"about":[{"href":"https:\/\/sphinxkidneycenter.com\/fr\/wp-json\/wp\/v2\/types\/page"}],"author":[{"embeddable":true,"href":"https:\/\/sphinxkidneycenter.com\/fr\/wp-json\/wp\/v2\/users\/1"}],"replies":[{"embeddable":true,"href":"https:\/\/sphinxkidneycenter.com\/fr\/wp-json\/wp\/v2\/comments?post=6820"}],"version-history":[{"count":7,"href":"https:\/\/sphinxkidneycenter.com\/fr\/wp-json\/wp\/v2\/pages\/6820\/revisions"}],"predecessor-version":[{"id":7083,"href":"https:\/\/sphinxkidneycenter.com\/fr\/wp-json\/wp\/v2\/pages\/6820\/revisions\/7083"}],"wp:attachment":[{"href":"https:\/\/sphinxkidneycenter.com\/fr\/wp-json\/wp\/v2\/media?parent=6820"}],"curies":[{"name":"wp","href":"https:\/\/api.w.org\/{rel}","templated":true}]}}