{"id":6788,"date":"2023-10-12T10:04:51","date_gmt":"2023-10-12T10:04:51","guid":{"rendered":"https:\/\/drashoub.com\/sp\/?page_id=6788"},"modified":"2023-10-16T22:13:20","modified_gmt":"2023-10-16T22:13:20","slug":"hemodialysis","status":"publish","type":"page","link":"https:\/\/sphinxkidneycenter.com\/fr\/hemodialysis\/","title":{"rendered":"H\u00e9modialyse"},"content":{"rendered":"<div data-elementor-type=\"wp-page\" data-elementor-id=\"6788\" class=\"elementor elementor-6788\">\n\t\t\t\t<div class=\"elementor-element elementor-element-9e2dc59 e-flex e-con-boxed e-con e-parent\" data-id=\"9e2dc59\" data-element_type=\"container\" data-e-type=\"container\">\n\t\t\t\t\t<div class=\"e-con-inner\">\n\t\t<div class=\"elementor-element elementor-element-94e68df e-con-full e-flex e-con e-child\" data-id=\"94e68df\" data-element_type=\"container\" data-e-type=\"container\">\n\t\t\t\t<div class=\"elementor-element elementor-element-525644e elementor-widget elementor-widget-heading\" data-id=\"525644e\" data-element_type=\"widget\" data-e-type=\"widget\" data-widget_type=\"heading.default\">\n\t\t\t\t<div class=\"elementor-widget-container\">\n\t\t\t\t\t<h2 class=\"elementor-heading-title elementor-size-default\">H\u00e9modialyse<\/h2>\t\t\t\t<\/div>\n\t\t\t\t<\/div>\n\t\t\t\t<div class=\"elementor-element elementor-element-ae96ab1 elementor-widget elementor-widget-text-editor\" data-id=\"ae96ab1\" data-element_type=\"widget\" data-e-type=\"widget\" data-widget_type=\"text-editor.default\">\n\t\t\t\t<div class=\"elementor-widget-container\">\n\t\t\t\t\t\t\t\t\t<ul><li><strong>CENTRE D&#039;H\u00c9MODIALYSE 24h\/24 et 7j\/7 Unit\u00e9 d&#039;urgence<\/strong> pour une h\u00e9modialyse urgente.<\/li><li><strong>Installations d&#039;h\u00e9mofiltration avanc\u00e9es<\/strong> disponible pour les patients pr\u00e9sentant un risque cardiaque \u00e9lev\u00e9.<\/li><li><strong>S\u00e9ances d&#039;aph\u00e9r\u00e8se r\u00e9alis\u00e9es<\/strong> pour les patients souffrant de maladies r\u00e9nales, de maladies du sang et de maladies auto-immunes.<\/li><li><strong>Des dialyses pour les patients r\u00e9sidents et \u00e9trangers peuvent \u00eatre organis\u00e9es. <\/strong><\/li><li><strong>La machine d&#039;immunoadsorption la plus avanc\u00e9e<\/strong> pour les cas de transplantation et les troubles immunologiques.<\/li><li><strong>La possibilit\u00e9 de dialyse pour les patients en soins intensifs. <\/strong><\/li><li><strong>Unit\u00e9 d&#039;h\u00e9modialyse chronique r\u00e9guli\u00e8re.<\/strong><\/li><\/ul>\t\t\t\t\t\t\t\t<\/div>\n\t\t\t\t<\/div>\n\t\t\t\t<\/div>\n\t\t<div class=\"elementor-element elementor-element-e40199d e-con-full e-flex e-con e-child\" data-id=\"e40199d\" data-element_type=\"container\" data-e-type=\"container\">\n\t\t\t\t<div class=\"elementor-element elementor-element-f1b937b elementor-widget elementor-widget-image\" data-id=\"f1b937b\" data-element_type=\"widget\" data-e-type=\"widget\" data-widget_type=\"image.default\">\n\t\t\t\t<div class=\"elementor-widget-container\">\n\t\t\t\t\t\t\t\t\t\t\t\t\t\t\t<img fetchpriority=\"high\" decoding=\"async\" width=\"1024\" height=\"699\" src=\"https:\/\/sphinxkidneycenter.com\/wp-content\/uploads\/2023\/10\/RENAL_DIALYSIS-56a275235f9b58b7d0cac1e2-1024x699.jpg\" class=\"attachment-large size-large wp-image-6794\" alt=\"\" srcset=\"https:\/\/sphinxkidneycenter.com\/wp-content\/uploads\/2023\/10\/RENAL_DIALYSIS-56a275235f9b58b7d0cac1e2-1024x699.jpg 1024w, https:\/\/sphinxkidneycenter.com\/wp-content\/uploads\/2023\/10\/RENAL_DIALYSIS-56a275235f9b58b7d0cac1e2-600x410.jpg 600w, https:\/\/sphinxkidneycenter.com\/wp-content\/uploads\/2023\/10\/RENAL_DIALYSIS-56a275235f9b58b7d0cac1e2-300x205.jpg 300w, https:\/\/sphinxkidneycenter.com\/wp-content\/uploads\/2023\/10\/RENAL_DIALYSIS-56a275235f9b58b7d0cac1e2-768x524.jpg 768w, https:\/\/sphinxkidneycenter.com\/wp-content\/uploads\/2023\/10\/RENAL_DIALYSIS-56a275235f9b58b7d0cac1e2.jpg 1500w\" sizes=\"(max-width: 1024px) 100vw, 1024px\" \/>\t\t\t\t\t\t\t\t\t\t\t\t\t\t\t<\/div>\n\t\t\t\t<\/div>\n\t\t\t\t<\/div>\n\t\t\t\t\t<\/div>\n\t\t\t\t<\/div>\n\t\t<div class=\"elementor-element elementor-element-e8e6ba5 e-flex e-con-boxed e-con e-parent\" data-id=\"e8e6ba5\" data-element_type=\"container\" data-e-type=\"container\">\n\t\t\t\t\t<div class=\"e-con-inner\">\n\t\t<div class=\"elementor-element elementor-element-e591bf5 e-con-full e-flex e-con e-child\" data-id=\"e591bf5\" data-element_type=\"container\" data-e-type=\"container\">\n\t\t\t\t<div class=\"elementor-element elementor-element-966199d elementor-widget elementor-widget-heading\" data-id=\"966199d\" data-element_type=\"widget\" data-e-type=\"widget\" data-widget_type=\"heading.default\">\n\t\t\t\t<div class=\"elementor-widget-container\">\n\t\t\t\t\t<h2 class=\"elementor-heading-title elementor-size-default\">HDX<\/h2>\t\t\t\t<\/div>\n\t\t\t\t<\/div>\n\t\t\t\t<div class=\"elementor-element elementor-element-c0a0ce9 elementor-widget elementor-widget-image\" data-id=\"c0a0ce9\" data-element_type=\"widget\" data-e-type=\"widget\" data-widget_type=\"image.default\">\n\t\t\t\t<div class=\"elementor-widget-container\">\n\t\t\t\t\t\t\t\t\t\t\t\t\t\t\t<img decoding=\"async\" width=\"400\" height=\"777\" src=\"https:\/\/sphinxkidneycenter.com\/wp-content\/uploads\/2023\/10\/60afa047e1320043e08fb95801763e9c71912795.jpeg\" class=\"attachment-large size-large wp-image-7048\" alt=\"\" srcset=\"https:\/\/sphinxkidneycenter.com\/wp-content\/uploads\/2023\/10\/60afa047e1320043e08fb95801763e9c71912795.jpeg 400w, https:\/\/sphinxkidneycenter.com\/wp-content\/uploads\/2023\/10\/60afa047e1320043e08fb95801763e9c71912795-154x300.jpeg 154w\" sizes=\"(max-width: 400px) 100vw, 400px\" \/>\t\t\t\t\t\t\t\t\t\t\t\t\t\t\t<\/div>\n\t\t\t\t<\/div>\n\t\t\t\t<\/div>\n\t\t<div class=\"elementor-element elementor-element-4548344 e-con-full e-flex e-con e-child\" data-id=\"4548344\" data-element_type=\"container\" data-e-type=\"container\">\n\t\t\t\t<div class=\"elementor-element elementor-element-c4d478e elementor-widget elementor-widget-heading\" data-id=\"c4d478e\" data-element_type=\"widget\" data-e-type=\"widget\" data-widget_type=\"heading.default\">\n\t\t\t\t<div class=\"elementor-widget-container\">\n\t\t\t\t\t<h2 class=\"elementor-heading-title elementor-size-default\">HDF<\/h2>\t\t\t\t<\/div>\n\t\t\t\t<\/div>\n\t\t\t\t<div class=\"elementor-element elementor-element-2abc9d5 elementor-widget elementor-widget-image\" data-id=\"2abc9d5\" data-element_type=\"widget\" data-e-type=\"widget\" data-widget_type=\"image.default\">\n\t\t\t\t<div class=\"elementor-widget-container\">\n\t\t\t\t\t\t\t\t\t\t\t\t\t\t\t<img decoding=\"async\" width=\"915\" height=\"1200\" src=\"https:\/\/sphinxkidneycenter.com\/wp-content\/uploads\/2023\/10\/84732_2.jpg\" class=\"attachment-full size-full wp-image-7049\" alt=\"\" srcset=\"https:\/\/sphinxkidneycenter.com\/wp-content\/uploads\/2023\/10\/84732_2.jpg 915w, https:\/\/sphinxkidneycenter.com\/wp-content\/uploads\/2023\/10\/84732_2-600x787.jpg 600w, https:\/\/sphinxkidneycenter.com\/wp-content\/uploads\/2023\/10\/84732_2-229x300.jpg 229w, https:\/\/sphinxkidneycenter.com\/wp-content\/uploads\/2023\/10\/84732_2-781x1024.jpg 781w, https:\/\/sphinxkidneycenter.com\/wp-content\/uploads\/2023\/10\/84732_2-768x1007.jpg 768w\" sizes=\"(max-width: 915px) 100vw, 915px\" \/>\t\t\t\t\t\t\t\t\t\t\t\t\t\t\t<\/div>\n\t\t\t\t<\/div>\n\t\t\t\t<\/div>\n\t\t\t\t\t<\/div>\n\t\t\t\t<\/div>\n\t\t<div class=\"elementor-element elementor-element-751a605 e-flex e-con-boxed e-con e-parent\" data-id=\"751a605\" data-element_type=\"container\" data-e-type=\"container\">\n\t\t\t\t\t<div class=\"e-con-inner\">\n\t\t<div class=\"elementor-element elementor-element-54d1054 e-con-full e-flex e-con e-child\" data-id=\"54d1054\" data-element_type=\"container\" data-e-type=\"container\">\n\t\t\t\t<div class=\"elementor-element elementor-element-d1efefe elementor-widget elementor-widget-heading\" data-id=\"d1efefe\" data-element_type=\"widget\" data-e-type=\"widget\" data-widget_type=\"heading.default\">\n\t\t\t\t<div class=\"elementor-widget-container\">\n\t\t\t\t\t<h2 class=\"elementor-heading-title elementor-size-default\">CRRT\u00a0: (patients en soins intensifs) <\/h2>\t\t\t\t<\/div>\n\t\t\t\t<\/div>\n\t\t\t\t<div class=\"elementor-element elementor-element-a87983b elementor-widget elementor-widget-text-editor\" data-id=\"a87983b\" data-element_type=\"widget\" data-e-type=\"widget\" data-widget_type=\"text-editor.default\">\n\t\t\t\t<div class=\"elementor-widget-container\">\n\t\t\t\t\t\t\t\t\t<p><strong>Objectif th\u00e9rapeutique principal\u00a0: <\/strong>\u00c9limination des fluides en toute s\u00e9curit\u00e9<\/p><p><strong>Indications principales\u00a0: <\/strong>Surcharge de liquide<\/p><p><strong>Principes utilis\u00e9s\u00a0: <\/strong><\/p><p>Ultrafiltration (\u00e9limination de l&#039;eau)<\/p><p>Convection (uniquement d\u00e9gagement minimal, 1,5 \u00e0 3 ml\/min)<\/p><p><strong>Caract\u00e9ristiques th\u00e9rapeutiques\u00a0: <\/strong><\/p><p>Pas de dialysat ni de liquide de remplacement<\/p><p>D\u00e9bit d&#039;effluent typique (ultrafiltration) 100 \u00e0 200 ml\/h.<\/p><p>\u00c9limination du liquide uniquement<\/p><p>D\u00e9bit sanguin variable (non critique)<\/p>\t\t\t\t\t\t\t\t<\/div>\n\t\t\t\t<\/div>\n\t\t\t\t<\/div>\n\t\t<div class=\"elementor-element elementor-element-099a365 e-con-full e-flex e-con e-child\" data-id=\"099a365\" data-element_type=\"container\" data-e-type=\"container\">\n\t\t\t\t<div class=\"elementor-element elementor-element-4cf1a1b elementor-widget elementor-widget-heading\" data-id=\"4cf1a1b\" data-element_type=\"widget\" data-e-type=\"widget\" data-widget_type=\"heading.default\">\n\t\t\t\t<div class=\"elementor-widget-container\">\n\t\t\t\t\t<h2 class=\"elementor-heading-title elementor-size-default\">Applications CRRT non r\u00e9nales<\/h2>\t\t\t\t<\/div>\n\t\t\t\t<\/div>\n\t\t\t\t<div class=\"elementor-element elementor-element-f79caf5 elementor-widget elementor-widget-image\" data-id=\"f79caf5\" data-element_type=\"widget\" data-e-type=\"widget\" data-widget_type=\"image.default\">\n\t\t\t\t<div class=\"elementor-widget-container\">\n\t\t\t\t\t\t\t\t\t\t\t\t<figure class=\"wp-caption\">\n\t\t\t\t\t\t\t\t\t\t<img loading=\"lazy\" decoding=\"async\" width=\"87\" height=\"114\" src=\"https:\/\/sphinxkidneycenter.com\/wp-content\/uploads\/2023\/10\/HEART.png\" class=\"attachment-large size-large wp-image-6805\" alt=\"\" \/>\t\t\t\t\t\t\t\t\t\t\t<figcaption class=\"widget-image-caption wp-caption-text\">C\u0153ur<\/figcaption>\n\t\t\t\t\t\t\t\t\t\t<\/figure>\n\t\t\t\t\t\t\t\t\t<\/div>\n\t\t\t\t<\/div>\n\t\t\t\t<div class=\"elementor-element elementor-element-50afaf9 elementor-widget elementor-widget-image\" data-id=\"50afaf9\" data-element_type=\"widget\" data-e-type=\"widget\" data-widget_type=\"image.default\">\n\t\t\t\t<div class=\"elementor-widget-container\">\n\t\t\t\t\t\t\t\t\t\t\t\t<figure class=\"wp-caption\">\n\t\t\t\t\t\t\t\t\t\t<img loading=\"lazy\" decoding=\"async\" width=\"96\" height=\"129\" src=\"https:\/\/sphinxkidneycenter.com\/wp-content\/uploads\/2023\/10\/046D9A.png\" class=\"attachment-large size-large wp-image-6804\" alt=\"\" \/>\t\t\t\t\t\t\t\t\t\t\t<figcaption class=\"widget-image-caption wp-caption-text\">Neurologique <\/figcaption>\n\t\t\t\t\t\t\t\t\t\t<\/figure>\n\t\t\t\t\t\t\t\t\t<\/div>\n\t\t\t\t<\/div>\n\t\t\t\t<div class=\"elementor-element elementor-element-e46b8c1 elementor-widget elementor-widget-image\" data-id=\"e46b8c1\" data-element_type=\"widget\" data-e-type=\"widget\" data-widget_type=\"image.default\">\n\t\t\t\t<div class=\"elementor-widget-container\">\n\t\t\t\t\t\t\t\t\t\t\t\t<figure class=\"wp-caption\">\n\t\t\t\t\t\t\t\t\t\t<img loading=\"lazy\" decoding=\"async\" width=\"128\" height=\"100\" src=\"https:\/\/sphinxkidneycenter.com\/wp-content\/uploads\/2023\/10\/Liver.png\" class=\"attachment-large size-large wp-image-6806\" alt=\"\" \/>\t\t\t\t\t\t\t\t\t\t\t<figcaption class=\"widget-image-caption wp-caption-text\">Foie <\/figcaption>\n\t\t\t\t\t\t\t\t\t\t<\/figure>\n\t\t\t\t\t\t\t\t\t<\/div>\n\t\t\t\t<\/div>\n\t\t\t\t<div class=\"elementor-element elementor-element-548c437 elementor-widget elementor-widget-image\" data-id=\"548c437\" data-element_type=\"widget\" data-e-type=\"widget\" data-widget_type=\"image.default\">\n\t\t\t\t<div class=\"elementor-widget-container\">\n\t\t\t\t\t\t\t\t\t\t\t\t<figure class=\"wp-caption\">\n\t\t\t\t\t\t\t\t\t\t<img loading=\"lazy\" decoding=\"async\" width=\"102\" height=\"102\" src=\"https:\/\/sphinxkidneycenter.com\/wp-content\/uploads\/2023\/10\/Sepsis.jpg\" class=\"attachment-large size-large wp-image-6807\" alt=\"\" srcset=\"https:\/\/sphinxkidneycenter.com\/wp-content\/uploads\/2023\/10\/Sepsis.jpg 102w, https:\/\/sphinxkidneycenter.com\/wp-content\/uploads\/2023\/10\/Sepsis-100x100.jpg 100w\" sizes=\"(max-width: 102px) 100vw, 102px\" \/>\t\t\t\t\t\t\t\t\t\t\t<figcaption class=\"widget-image-caption wp-caption-text\">\u00c9tat septique<\/figcaption>\n\t\t\t\t\t\t\t\t\t\t<\/figure>\n\t\t\t\t\t\t\t\t\t<\/div>\n\t\t\t\t<\/div>\n\t\t\t\t<\/div>\n\t\t\t\t\t<\/div>\n\t\t\t\t<\/div>\n\t\t\t\t<\/div>","protected":false},"excerpt":{"rendered":"<p>Hemodialysis 24\/7 HEMODIALYSIS CENTER Emergency unit for urgent hemodialysis. Advanced hemofiltration facilities available for patients with high cardiac risk. Apheresis sessions carried out for patients with kidney diseases, blood diseases and autoimmune disorders. Dialysis for resident and foreign patients can be arranged. The most advanced immunoadsorption machine for transplant cases and immunological disorders. The possibility [&hellip;]<\/p>","protected":false},"author":1,"featured_media":0,"parent":0,"menu_order":0,"comment_status":"closed","ping_status":"closed","template":"","meta":{"footnotes":""},"class_list":["post-6788","page","type-page","status-publish","hentry"],"_links":{"self":[{"href":"https:\/\/sphinxkidneycenter.com\/fr\/wp-json\/wp\/v2\/pages\/6788","targetHints":{"allow":["GET"]}}],"collection":[{"href":"https:\/\/sphinxkidneycenter.com\/fr\/wp-json\/wp\/v2\/pages"}],"about":[{"href":"https:\/\/sphinxkidneycenter.com\/fr\/wp-json\/wp\/v2\/types\/page"}],"author":[{"embeddable":true,"href":"https:\/\/sphinxkidneycenter.com\/fr\/wp-json\/wp\/v2\/users\/1"}],"replies":[{"embeddable":true,"href":"https:\/\/sphinxkidneycenter.com\/fr\/wp-json\/wp\/v2\/comments?post=6788"}],"version-history":[{"count":25,"href":"https:\/\/sphinxkidneycenter.com\/fr\/wp-json\/wp\/v2\/pages\/6788\/revisions"}],"predecessor-version":[{"id":7058,"href":"https:\/\/sphinxkidneycenter.com\/fr\/wp-json\/wp\/v2\/pages\/6788\/revisions\/7058"}],"wp:attachment":[{"href":"https:\/\/sphinxkidneycenter.com\/fr\/wp-json\/wp\/v2\/media?parent=6788"}],"curies":[{"name":"wp","href":"https:\/\/api.w.org\/{rel}","templated":true}]}}